{"id":3071,"date":"2016-11-28T18:39:30","date_gmt":"2016-11-28T17:39:30","guid":{"rendered":"https:\/\/lestoilesdumatin.fr\/pierre-henri-rousseau-pittore\/"},"modified":"2024-07-27T21:00:12","modified_gmt":"2024-07-27T19:00:12","slug":"pierre-henri-rousseau-pittore","status":"publish","type":"page","link":"https:\/\/lestoilesdumatin.fr\/it\/pierre-henri-rousseau-pittore\/","title":{"rendered":"Pierre Henri-Rousseau, artista pittore"},"content":{"rendered":"\n<figure class=\"wp-block-embed is-type-video is-provider-youtube wp-block-embed-youtube wp-embed-aspect-16-9 wp-has-aspect-ratio\"><div class=\"wp-block-embed__wrapper\">\n<iframe title=\"Atelier les toiles du Matin, Pierre Henri-Rousseau\" width=\"800\" height=\"450\" src=\"https:\/\/www.youtube.com\/embed\/lw21lpqAWPI?feature=oembed\" frameborder=\"0\" allow=\"accelerometer; autoplay; clipboard-write; encrypted-media; gyroscope; picture-in-picture; web-share\" allowfullscreen><\/iframe>\n<\/div><\/figure>\n<p> Pierre Henri-Rousseau ha chiamato <strong>il suo studio &#8220;Les Toiles du Matin&#8221;<\/strong>, ossia &#8220;Le tele del mattino&#8221;. In francese quest&#8217;espressione si pronuncia come &#8220;l&#8217;\u00e9toile du matin&#8221;, che significa &#8220;la stella del mattino&#8221;. Il gioco di parole allude a <strong>Cristo nella sua notte pasquale<\/strong>, chiamato appunto la stella del mattino, chiarore che nasce nelle tenebre della morte, e in secondo luogo a Maria, sua madre. <\/p>\n<p>Laureato in storia dell&#8217;arte, Pierre \u00e8 un artista nato nel 1990 che si \u00e8 formato nelle tecniche pittoriche soprattutto presso l&#8217;Atelier de la Renaissance (Lione), integrando la formazione con dei tirocini, in particolare per la tecnica dell&#8217;affresco. Ma senza dubbio la <strong>sua formazione essenziale l&#8217;ha ricevuta molto prima<\/strong>, durante i pochi anni trascorsi come novizio <strong>nell&#8217;intimit\u00e0 del Signore<\/strong>, beneficiando del gusto della Bellezza divina offerto dalla vita benedettina. Seguendo le orme dei papi del XX secolo che hanno descritto l&#8217;arte sacra come <em>quasi-sacerdotale<\/em>, egli crede fermamente che la <strong>Bellezza<\/strong>, unita alla contemplazione dei misteri della Fede, <strong>porti a Dio<\/strong>.<\/p>\n<p><span style=\"color: #ff0000;\"><em>    <span style=\"color: #ff5454;\"> <span style=\"color: #cc2b56;\">A questo link, un&#8217;intervista a Pierre Henri-Rousseau (in francese) nel programma Cnews &#8220;en qu\u00eate d&#8217;esprit&#8221;. Una discussione sul tema dell&#8217;apocalisse dal punto di vista dell&#8217;arte:<\/span><\/span><\/em><\/span> <a href=\"https:\/\/www.cnews.fr\/emission\/2023-11-26\/lapocalypse-cest-maintenant-en-quete-desprit-emission-du-26112023-1422946\">https:\/\/www.cnews.fr\/emission\/2023-11-26\/lapocalypse-cest-maintenant-en-quete-desprit-emission-du-26112023-1422946<\/a><\/p>\n<p>Si sente sostenuto <strong>dalle preghiere del pittore Fra Angelico<\/strong>, beatificato da Giovanni Paolo II e patrono degli artisti, la cui vita e produzione artistica sono presentate dal santo papa come una linea di condotta tanto spirituale quanto pratica. Forte di ci\u00f2, vuole essere fedele alla sua missione: <strong>offrire alle persone, credenti o no, una finestra sul mondo soprannaturale<\/strong>. E questo grazie alla mediazione della bellezza.<\/p>\n<p><strong>Pierre fa sua la spiritualit\u00e0 dell&#8217;icona, con un approccio artistico tuttavia pi\u00f9 libero e plastico<\/strong>. Qual \u00e8 la sua ispirazione? Da un lato, attinge alla contemplazione delle <strong>opere del Creatore<\/strong> (la natura) e, dall&#8217;altro, alla fonte sempre viva <strong>della Parola di Dio<\/strong>; allo stesso tempo, si radica culturalmente nel <strong>patrimonio artistico<\/strong> dei grandi maestri (conosciuti e sconosciuti!).<\/p>\n<p>\u00c8 cos\u00ec che Pierre Henri-Rousseau ha dato il suo contributo al tesoro dell&#8217;Arte Sacra: dipingendo opere di propria iniziativa, certo, ma soprattutto <strong>rispondendo a commissioni<\/strong>, con o senza un soggetto imposto. <\/p>\n<p><img fetchpriority=\"high\" decoding=\"async\" class=\"alignright wp-image-944 size-medium\" src=\"http:\/\/lestoilesdumatin.fr\/wp-content\/uploads\/2019\/12\/IMG_4087-300x200.jpg\" alt=\"\" width=\"300\" height=\"200\" srcset=\"https:\/\/lestoilesdumatin.fr\/wp-content\/uploads\/2019\/12\/IMG_4087-300x200.jpg 300w, https:\/\/lestoilesdumatin.fr\/wp-content\/uploads\/2019\/12\/IMG_4087-1024x683.jpg 1024w, https:\/\/lestoilesdumatin.fr\/wp-content\/uploads\/2019\/12\/IMG_4087-768x512.jpg 768w, https:\/\/lestoilesdumatin.fr\/wp-content\/uploads\/2019\/12\/IMG_4087-1536x1024.jpg 1536w, https:\/\/lestoilesdumatin.fr\/wp-content\/uploads\/2019\/12\/IMG_4087-scaled.jpg 2048w\" sizes=\"(max-width: 300px) 100vw, 300px\" \/><\/p>\n<p> L&#8217;ambiente familiare in cui \u00e8 cresciuto ha alimentato la sua sensibilit\u00e0 in questo campo, siccome i dipinti dai colori caldi di Henri Emilien Rousseau, suo bisnonno, che era pittore orientalista, hanno nutrito il suo sguardo fin dall&#8217;infanzia.<\/p>\n<p>Il rigoroso apprendistato delle tecniche pittoriche antiche, ricevuto durante gli anni in cui ha frequentato l&#8217;<a href=\"https:\/\/atelier-de-la-renaissance.com\/\"><em>Atelier de la Renaissance<\/em><\/a> (Lione), attraverso la realizzazione di copie di primitivi fino a quelle di pittori del XIX secolo, gli ha permesso di scegliere i mezzi pi\u00f9 adatti al suo stile.<\/p>\n<p><strong>La tempera su tavola, abbinata all&#8217;applicazione della foglia d&#8217;oro, \u00e8 la tecnica scelta dall&#8217;artista per le opere religiose mobili<\/strong> come pale d&#8217;altare e trittici, anche se non in modo esclusivo: in alcuni casi, il soggetto lo porta a utilizzare l&#8217;olio alla maniera fiamminga, con mezzi speciali per le velature. Di tanto in tanto dipinge anche su tela, in modo pi\u00f9 alla prima.<\/p>\n<p><strong>L&#8217;affresco<\/strong>, l&#8217;arte di dipingere su intonaco fresco di calce secondo i procedimenti del Quattrocento e del Rinascimento, <strong>\u00e8 la tecnica d&#8217;elezione per le pitture murali di chiese e cappelle<\/strong>: abbastanza difficile da eseguire (richiede di dipingere <em>a fresco<\/em>, cio\u00e8 di completare durante il giorno la parte iniziata al mattino), \u00e8 altamente durevole e soprattutto ha <strong>qualit\u00e0 cromatiche ineguagliabili<\/strong>.<\/p>\n<p>Per rilassarsi, Pierre Henri-Rousseau ha disegnato nel corso degli anni dei fumetti che desidera lasciare sul suo sito per offrire ai suoi visitatori un po&#8217; di eutrapelia, una virt\u00f9 necessaria per equilibrare la vita spirituale&#8230;<\/p>\n","protected":false},"excerpt":{"rendered":"<p>Pierre Henri-Rousseau ha chiamato il suo studio &#8220;Les Toiles du Matin&#8221;, ossia &#8220;Le tele del mattino&#8221;. In francese quest&#8217;espressione si pronuncia come &#8220;l&#8217;\u00e9toile du matin&#8221;, che significa &#8220;la stella del mattino&#8221;. Il gioco di parole allude a Cristo nella sua notte pasquale, chiamato appunto la stella del mattino, chiarore che nasce nelle tenebre della morte, [&hellip;]<\/p>\n","protected":false},"author":1,"featured_media":2862,"parent":0,"menu_order":0,"comment_status":"closed","ping_status":"closed","template":"","meta":{"footnotes":""},"class_list":["post-3071","page","type-page","status-publish","has-post-thumbnail","hentry"],"yoast_head":"<!-- This site is optimized with the Yoast SEO plugin v27.5 - https:\/\/yoast.com\/product\/yoast-seo-wordpress\/ -->\n<title>Pierre Henri-Rousseau, artista pittore - Les Toiles du Matin<\/title>\n<meta name=\"robots\" content=\"index, follow, max-snippet:-1, max-image-preview:large, max-video-preview:-1\" \/>\n<link rel=\"canonical\" href=\"https:\/\/lestoilesdumatin.fr\/it\/pierre-henri-rousseau-pittore\/\" \/>\n<meta property=\"og:locale\" content=\"it_IT\" \/>\n<meta property=\"og:type\" content=\"article\" \/>\n<meta property=\"og:title\" content=\"Pierre Henri-Rousseau, artista pittore - Les Toiles du Matin\" \/>\n<meta property=\"og:description\" content=\"Pierre Henri-Rousseau ha chiamato il suo studio &#8220;Les Toiles du Matin&#8221;, ossia &#8220;Le tele del mattino&#8221;. In francese quest&#8217;espressione si pronuncia come &#8220;l&#8217;\u00e9toile du matin&#8221;, che significa &#8220;la stella del mattino&#8221;. Il gioco di parole allude a Cristo nella sua notte pasquale, chiamato appunto la stella del mattino, chiarore che nasce nelle tenebre della morte, [&hellip;]\" \/>\n<meta property=\"og:url\" content=\"https:\/\/lestoilesdumatin.fr\/it\/pierre-henri-rousseau-pittore\/\" \/>\n<meta property=\"og:site_name\" content=\"Les Toiles du Matin\" \/>\n<meta property=\"article:modified_time\" content=\"2024-07-27T19:00:12+00:00\" \/>\n<meta property=\"og:image\" content=\"https:\/\/lestoilesdumatin.fr\/wp-content\/uploads\/2016\/11\/Hilarius-dessinant-dans-la-campagne.jpg\" \/>\n\t<meta property=\"og:image:width\" content=\"1980\" \/>\n\t<meta property=\"og:image:height\" content=\"1400\" \/>\n\t<meta property=\"og:image:type\" content=\"image\/jpeg\" \/>\n<meta name=\"twitter:card\" content=\"summary_large_image\" \/>\n<meta name=\"twitter:label1\" content=\"Tempo di lettura stimato\" \/>\n\t<meta name=\"twitter:data1\" content=\"3 minuti\" \/>\n<script type=\"application\/ld+json\" class=\"yoast-schema-graph\">{\"@context\":\"https:\\\/\\\/schema.org\",\"@graph\":[{\"@type\":\"WebPage\",\"@id\":\"https:\\\/\\\/lestoilesdumatin.fr\\\/it\\\/pierre-henri-rousseau-pittore\\\/\",\"url\":\"https:\\\/\\\/lestoilesdumatin.fr\\\/it\\\/pierre-henri-rousseau-pittore\\\/\",\"name\":\"Pierre Henri-Rousseau, artista pittore - Les Toiles du Matin\",\"isPartOf\":{\"@id\":\"https:\\\/\\\/lestoilesdumatin.fr\\\/#website\"},\"primaryImageOfPage\":{\"@id\":\"https:\\\/\\\/lestoilesdumatin.fr\\\/it\\\/pierre-henri-rousseau-pittore\\\/#primaryimage\"},\"image\":{\"@id\":\"https:\\\/\\\/lestoilesdumatin.fr\\\/it\\\/pierre-henri-rousseau-pittore\\\/#primaryimage\"},\"thumbnailUrl\":\"https:\\\/\\\/lestoilesdumatin.fr\\\/wp-content\\\/uploads\\\/2016\\\/11\\\/Hilarius-dessinant-dans-la-campagne.jpg\",\"datePublished\":\"2016-11-28T17:39:30+00:00\",\"dateModified\":\"2024-07-27T19:00:12+00:00\",\"breadcrumb\":{\"@id\":\"https:\\\/\\\/lestoilesdumatin.fr\\\/it\\\/pierre-henri-rousseau-pittore\\\/#breadcrumb\"},\"inLanguage\":\"it-IT\",\"potentialAction\":[{\"@type\":\"ReadAction\",\"target\":[\"https:\\\/\\\/lestoilesdumatin.fr\\\/it\\\/pierre-henri-rousseau-pittore\\\/\"]}]},{\"@type\":\"ImageObject\",\"inLanguage\":\"it-IT\",\"@id\":\"https:\\\/\\\/lestoilesdumatin.fr\\\/it\\\/pierre-henri-rousseau-pittore\\\/#primaryimage\",\"url\":\"https:\\\/\\\/lestoilesdumatin.fr\\\/wp-content\\\/uploads\\\/2016\\\/11\\\/Hilarius-dessinant-dans-la-campagne.jpg\",\"contentUrl\":\"https:\\\/\\\/lestoilesdumatin.fr\\\/wp-content\\\/uploads\\\/2016\\\/11\\\/Hilarius-dessinant-dans-la-campagne.jpg\",\"width\":1980,\"height\":1400},{\"@type\":\"BreadcrumbList\",\"@id\":\"https:\\\/\\\/lestoilesdumatin.fr\\\/it\\\/pierre-henri-rousseau-pittore\\\/#breadcrumb\",\"itemListElement\":[{\"@type\":\"ListItem\",\"position\":1,\"name\":\"Home\",\"item\":\"https:\\\/\\\/lestoilesdumatin.fr\\\/it\\\/\"},{\"@type\":\"ListItem\",\"position\":2,\"name\":\"Pierre Henri-Rousseau, artista pittore\"}]},{\"@type\":\"WebSite\",\"@id\":\"https:\\\/\\\/lestoilesdumatin.fr\\\/#website\",\"url\":\"https:\\\/\\\/lestoilesdumatin.fr\\\/\",\"name\":\"Les Toiles du Matin\",\"description\":\"\",\"potentialAction\":[{\"@type\":\"SearchAction\",\"target\":{\"@type\":\"EntryPoint\",\"urlTemplate\":\"https:\\\/\\\/lestoilesdumatin.fr\\\/?s={search_term_string}\"},\"query-input\":{\"@type\":\"PropertyValueSpecification\",\"valueRequired\":true,\"valueName\":\"search_term_string\"}}],\"inLanguage\":\"it-IT\"}]}<\/script>\n<!-- \/ Yoast SEO plugin. -->","yoast_head_json":{"title":"Pierre Henri-Rousseau, artista pittore - Les Toiles du Matin","robots":{"index":"index","follow":"follow","max-snippet":"max-snippet:-1","max-image-preview":"max-image-preview:large","max-video-preview":"max-video-preview:-1"},"canonical":"https:\/\/lestoilesdumatin.fr\/it\/pierre-henri-rousseau-pittore\/","og_locale":"it_IT","og_type":"article","og_title":"Pierre Henri-Rousseau, artista pittore - Les Toiles du Matin","og_description":"Pierre Henri-Rousseau ha chiamato il suo studio &#8220;Les Toiles du Matin&#8221;, ossia &#8220;Le tele del mattino&#8221;. In francese quest&#8217;espressione si pronuncia come &#8220;l&#8217;\u00e9toile du matin&#8221;, che significa &#8220;la stella del mattino&#8221;. Il gioco di parole allude a Cristo nella sua notte pasquale, chiamato appunto la stella del mattino, chiarore che nasce nelle tenebre della morte, [&hellip;]","og_url":"https:\/\/lestoilesdumatin.fr\/it\/pierre-henri-rousseau-pittore\/","og_site_name":"Les Toiles du Matin","article_modified_time":"2024-07-27T19:00:12+00:00","og_image":[{"width":1980,"height":1400,"url":"https:\/\/lestoilesdumatin.fr\/wp-content\/uploads\/2016\/11\/Hilarius-dessinant-dans-la-campagne.jpg","type":"image\/jpeg"}],"twitter_card":"summary_large_image","twitter_misc":{"Tempo di lettura stimato":"3 minuti"},"schema":{"@context":"https:\/\/schema.org","@graph":[{"@type":"WebPage","@id":"https:\/\/lestoilesdumatin.fr\/it\/pierre-henri-rousseau-pittore\/","url":"https:\/\/lestoilesdumatin.fr\/it\/pierre-henri-rousseau-pittore\/","name":"Pierre Henri-Rousseau, artista pittore - Les Toiles du Matin","isPartOf":{"@id":"https:\/\/lestoilesdumatin.fr\/#website"},"primaryImageOfPage":{"@id":"https:\/\/lestoilesdumatin.fr\/it\/pierre-henri-rousseau-pittore\/#primaryimage"},"image":{"@id":"https:\/\/lestoilesdumatin.fr\/it\/pierre-henri-rousseau-pittore\/#primaryimage"},"thumbnailUrl":"https:\/\/lestoilesdumatin.fr\/wp-content\/uploads\/2016\/11\/Hilarius-dessinant-dans-la-campagne.jpg","datePublished":"2016-11-28T17:39:30+00:00","dateModified":"2024-07-27T19:00:12+00:00","breadcrumb":{"@id":"https:\/\/lestoilesdumatin.fr\/it\/pierre-henri-rousseau-pittore\/#breadcrumb"},"inLanguage":"it-IT","potentialAction":[{"@type":"ReadAction","target":["https:\/\/lestoilesdumatin.fr\/it\/pierre-henri-rousseau-pittore\/"]}]},{"@type":"ImageObject","inLanguage":"it-IT","@id":"https:\/\/lestoilesdumatin.fr\/it\/pierre-henri-rousseau-pittore\/#primaryimage","url":"https:\/\/lestoilesdumatin.fr\/wp-content\/uploads\/2016\/11\/Hilarius-dessinant-dans-la-campagne.jpg","contentUrl":"https:\/\/lestoilesdumatin.fr\/wp-content\/uploads\/2016\/11\/Hilarius-dessinant-dans-la-campagne.jpg","width":1980,"height":1400},{"@type":"BreadcrumbList","@id":"https:\/\/lestoilesdumatin.fr\/it\/pierre-henri-rousseau-pittore\/#breadcrumb","itemListElement":[{"@type":"ListItem","position":1,"name":"Home","item":"https:\/\/lestoilesdumatin.fr\/it\/"},{"@type":"ListItem","position":2,"name":"Pierre Henri-Rousseau, artista pittore"}]},{"@type":"WebSite","@id":"https:\/\/lestoilesdumatin.fr\/#website","url":"https:\/\/lestoilesdumatin.fr\/","name":"Les Toiles du Matin","description":"","potentialAction":[{"@type":"SearchAction","target":{"@type":"EntryPoint","urlTemplate":"https:\/\/lestoilesdumatin.fr\/?s={search_term_string}"},"query-input":{"@type":"PropertyValueSpecification","valueRequired":true,"valueName":"search_term_string"}}],"inLanguage":"it-IT"}]}},"_links":{"self":[{"href":"https:\/\/lestoilesdumatin.fr\/it\/wp-json\/wp\/v2\/pages\/3071","targetHints":{"allow":["GET"]}}],"collection":[{"href":"https:\/\/lestoilesdumatin.fr\/it\/wp-json\/wp\/v2\/pages"}],"about":[{"href":"https:\/\/lestoilesdumatin.fr\/it\/wp-json\/wp\/v2\/types\/page"}],"author":[{"embeddable":true,"href":"https:\/\/lestoilesdumatin.fr\/it\/wp-json\/wp\/v2\/users\/1"}],"replies":[{"embeddable":true,"href":"https:\/\/lestoilesdumatin.fr\/it\/wp-json\/wp\/v2\/comments?post=3071"}],"version-history":[{"count":0,"href":"https:\/\/lestoilesdumatin.fr\/it\/wp-json\/wp\/v2\/pages\/3071\/revisions"}],"wp:featuredmedia":[{"embeddable":true,"href":"https:\/\/lestoilesdumatin.fr\/it\/wp-json\/wp\/v2\/media\/2862"}],"wp:attachment":[{"href":"https:\/\/lestoilesdumatin.fr\/it\/wp-json\/wp\/v2\/media?parent=3071"}],"curies":[{"name":"wp","href":"https:\/\/api.w.org\/{rel}","templated":true}]}}