{"id":3116,"date":"2018-04-30T10:25:21","date_gmt":"2018-04-30T08:25:21","guid":{"rendered":"https:\/\/lestoilesdumatin.fr\/ausstellungen-und-konferenzen\/"},"modified":"2024-09-13T10:00:20","modified_gmt":"2024-09-13T08:00:20","slug":"ausstellungen-und-konferenzen","status":"publish","type":"page","link":"https:\/\/lestoilesdumatin.fr\/de\/ausstellungen-und-konferenzen\/","title":{"rendered":"Ausstellungen und Konferenzen"},"content":{"rendered":"\t\t<div data-elementor-type=\"wp-page\" data-elementor-id=\"3116\" class=\"elementor elementor-3116 elementor-375\" data-elementor-post-type=\"page\">\n\t\t\t\t\t\t<section class=\"elementor-section elementor-top-section elementor-element elementor-element-7c1086b6 elementor-section-boxed elementor-section-height-default elementor-section-height-default\" data-id=\"7c1086b6\" data-element_type=\"section\" data-e-type=\"section\">\n\t\t\t\t\t\t<div class=\"elementor-container elementor-column-gap-default\">\n\t\t\t\t\t<div class=\"elementor-column elementor-col-100 elementor-top-column elementor-element elementor-element-52c579ca\" data-id=\"52c579ca\" data-element_type=\"column\" data-e-type=\"column\">\n\t\t\t<div class=\"elementor-widget-wrap elementor-element-populated\">\n\t\t\t\t\t\t<div class=\"elementor-element elementor-element-57774d12 elementor-widget elementor-widget-text-editor\" data-id=\"57774d12\" data-element_type=\"widget\" data-e-type=\"widget\" data-widget_type=\"text-editor.default\">\n\t\t\t\t<div class=\"elementor-widget-container\">\n\t\t\t\t\t\t\t\t\t<p><\/p>\n<figure><\/figure>\n<p><\/p>\n<p style=\"text-align: center;\"><span style=\"color: #99cc00;\"><b>Hier finden Sie meinen Beitrag in der Sendung &#8222;en qu\u00eate d&#8217;esprit&#8220; auf CNews. Im Rahmen einer Diskussion \u00fcber die Apokalypse mit Aymeric Pourbaix und V\u00e9ronique Jacquier wurde ich eingeladen, aus Sicht der Kunst zu argumentieren.<\/b><\/span> <a href=\"https:\/\/www.cnews.fr\/emission\/2023-11-26\/lapocalypse-cest-maintenant-en-quete-desprit-emission-du-26112023-1422946\">https:\/\/www.cnews.fr\/emission\/2023-11-26\/lapocalypse-cest-maintenant-en-quete-desprit-emission-du-26112023-1422946<\/a><\/p>\n<p style=\"text-align: center;\"> <\/p>\n<p><span style=\"text-decoration: underline; color: #33cccc;\"><span style=\"text-indent: 2em; font-family: var( --e-global-typography-text-font-family ), Sans-serif; font-weight: var( --e-global-typography-text-font-weight ); font-size: 1rem;\">Vortr\u00e4ge \u00fcber Philosophie der Kunst:<\/span><\/span><\/p>\n<p><span style=\"color: #33cccc;\"><em style=\"text-indent: 2em; font-family: var( --e-global-typography-text-font-family ), Sans-serif; font-weight: var( --e-global-typography-text-font-weight ); font-size: 1rem;\">Um die Bedeutung der Kunst und unser Angezogensein auf das Sch\u00f6ne hin zu ergr\u00fcnden, treffen sich drei christliche Freunde: Ein Philosoph (Louis Frouart), ein Musiker (Felipe Lesage) und ein Maler (Pierre Henri-Rousseau), um sich auszutauschen und in einen Dialog zu treten.<\/em><\/span><\/p>\n<p><span style=\"color: #33cccc;\"><\/span><\/p>\n<p><span style=\"color: #33cccc;\">Mithilfe von Meisterwerken und inspirierten Autoren versuchen wir, Seele und Geist auf die Suche nach dem Sch\u00f6nen und ihre Betrachtung auszurichten.<\/span><\/p>\n<p><span style=\"color: #33cccc;\"><\/span><\/p>\n<p><span style=\"color: #33cccc;\">Wir lernen, so zu h\u00f6ren und zu sehen, dass wir zur Liebe der g\u00f6ttlichen Dingen gef\u00fchrt werden. Wir erkennen (besser), wie wir unsere Sinne gebrauchen sollen, damit sie uns zu den geistigen Sch\u00f6nheiten f\u00fchren, und wie unsere Sinne diese Sch\u00f6nheiten im Gegenzug nach au\u00dfen hin ausdr\u00fccken k\u00f6nnen.<\/span><\/p>\n<p><span style=\"color: #33cccc;\"><\/span><\/p>\n<p><span style=\"color: #33cccc;\">&#8222;Lumen lumine&#8220;: d.h. durch das geschaffene Licht zum ungeschaffenen Licht.<\/span><\/p>\n<p><span style=\"color: #33cccc;\"><\/span><\/p>\n<p><span style=\"color: #33cccc;\">Finden Sie die aufgezeichneten Vorlesungen zur Philosophie der Kunst als Video auf youtube <a style=\"color: #33cccc;\" href=\"https:\/\/www.youtube.com\/watch?v=e7ox4TdJw_o&amp;t=10s\" target=\"_blank\" rel=\"noreferrer noopener\">https:\/\/www.youtube.com\/watch?v=e7ox4TdJw_ot=10s<\/a><\/span><\/p>\n<p><span style=\"color: #33cccc;\"><\/span><\/p>\n<ul>\n<li><span style=\"color: #33cccc; text-align: center; text-indent: 32px;\"><span style=\"text-indent: 2em; font-family: var( --e-global-typography-text-font-family ), Sans-serif; font-size: 1rem;\">Ausstellung im Rahmen des Festivals d&#8217;art sacr\u00e9 vom 27. September bis 1. Oktober in der Chapelle de la buissi\u00e8re in Rillieux la pape.<\/span><\/span><\/li>\n<li><span style=\"color: #33cccc;\"><strong>Ausstellungskonzert &#8222;au rythme des saisons&#8220; n\u00b02<\/strong>: 5. November um 17 Uhr in 6 impasse des chartreux in la croix rousse; 26. November um 17 Uhr in 27 rue Louis Juttet in Champagne au mont d&#8217;or. Freier Eintritt.<\/span><\/li>\n<\/ul>\n<p><span style=\"color: #33cccc;\"><img fetchpriority=\"high\" decoding=\"async\" src=\"http:\/\/lestoilesdumatin.fr\/wp-content\/uploads\/2022\/09\/affiche-concert-expo-n%C2%B02-1024x724.jpg\" alt=\"\" width=\"629\" height=\"445\"><\/span><\/p>\n<ul>\n<li><span style=\"color: #33cccc;\">Konzert-Ausstellung &#8222;au rythme des saisons&#8220; n\u00b01 am Samstag, den 9. und Sonntag, den 10. Oktober 2021 um 17 Uhr in 27 rue Louis Juttet in Champagne au mont d&#8217;or.<\/span><\/li>\n<\/ul>\n<p><span style=\"color: #33cccc;\"><img decoding=\"async\" src=\"http:\/\/lestoilesdumatin.fr\/wp-content\/uploads\/2022\/09\/concert-expo-n%C2%B01-1024x640.jpg\" alt=\"\" width=\"282\" height=\"176\"><\/span><\/p>\n<ul>\n<li><span style=\"color: #33cccc;\">Ausstellung in der Villa Ephrussi de Rothschild in Nizza anl\u00e4sslich des Rosenfestes am 4. und 6. Mai 2018.<img decoding=\"async\" src=\"http:\/\/lestoilesdumatin.fr\/wp-content\/uploads\/2020\/05\/Capture-d%E2%80%99%C3%A9cran-151.png\" alt=\"\" width=\"274\" height=\"177\"><\/span><\/li>\n<li><span style=\"color: #33cccc;\">Ausstellung im Schloss Berz\u00e9 vom 10. bis 13. Mai 2019.<\/span><\/li>\n<li><span style=\"color: #33cccc;\">Ausstellung &#8222;G\u00f6ttliche Sch\u00f6nheit!&#8220; mit der Diakonie der Sch\u00f6nheit am 29.-30. September in Lyon, in St. Bonaventura\/Lyon.<img loading=\"lazy\" decoding=\"async\" src=\"http:\/\/lestoilesdumatin.fr\/wp-content\/uploads\/2020\/05\/flyer-recto-724x1024.jpg\" alt=\"\" width=\"260\" height=\"368\"><\/span><\/li>\n<li><span style=\"color: #33cccc;\">Ausstellung &#8222;fen\u00eatres sur l&#8217;invisible&#8220; in Toulon vom 25. August bis 25. September 2019.<\/span><\/li>\n<li><span style=\"color: #33cccc;\">Vortr\u00e4ge \u00fcber Fra Angelicos Kr\u00f6nung der Jungfrau am 1. April und 20. Juni 2019 in Lyon sowie am Sonntag, den 15. September in Toulon.<\/span><\/li>\n<\/ul>\n<p><span style=\"color: #33cccc;\"><img loading=\"lazy\" decoding=\"async\" src=\"http:\/\/lestoilesdumatin.fr\/wp-content\/uploads\/2019\/03\/Capture-d%E2%80%99%C3%A9cran-42.png\" alt=\"\" width=\"287\" height=\"400\"><\/span><\/p>\n<ul>\n<li><span style=\"color: #33cccc;\">Vortrag \u00fcber Kunst und Glauben in der &#8222;Maison de la Catalanit\u00e9&#8220; bei der &#8222;Association de la Cath\u00e9drale&#8220; in Perpignan am 24. Dezember 2019.<\/span><\/li>\n<\/ul>\n<p><\/p>\n<p><\/p>\t\t\t\t\t\t\t\t<\/div>\n\t\t\t\t<\/div>\n\t\t\t\t\t<\/div>\n\t\t<\/div>\n\t\t\t\t\t<\/div>\n\t\t<\/section>\n\t\t\t\t<\/div>\n\t\t","protected":false},"excerpt":{"rendered":"<p>Hier finden Sie meinen Beitrag in der Sendung &#8222;en qu\u00eate d&#8217;esprit&#8220; auf CNews. Im Rahmen einer Diskussion \u00fcber die Apokalypse mit Aymeric Pourbaix und V\u00e9ronique Jacquier wurde ich eingeladen, aus Sicht der Kunst zu argumentieren. https:\/\/www.cnews.fr\/emission\/2023-11-26\/lapocalypse-cest-maintenant-en-quete-desprit-emission-du-26112023-1422946 Vortr\u00e4ge \u00fcber Philosophie der Kunst: Um die Bedeutung der Kunst und unser Angezogensein auf das Sch\u00f6ne hin zu ergr\u00fcnden, [&hellip;]<\/p>\n","protected":false},"author":1,"featured_media":3023,"parent":0,"menu_order":0,"comment_status":"closed","ping_status":"closed","template":"","meta":{"footnotes":""},"class_list":["post-3116","page","type-page","status-publish","has-post-thumbnail","hentry"],"yoast_head":"<!-- This site is optimized with the Yoast SEO plugin v27.4 - https:\/\/yoast.com\/product\/yoast-seo-wordpress\/ -->\n<title>Ausstellungen und Konferenzen - Les Toiles du Matin<\/title>\n<meta name=\"robots\" content=\"index, follow, max-snippet:-1, max-image-preview:large, max-video-preview:-1\" \/>\n<link rel=\"canonical\" href=\"https:\/\/lestoilesdumatin.fr\/de\/ausstellungen-und-konferenzen\/\" \/>\n<meta property=\"og:locale\" content=\"de_DE\" \/>\n<meta property=\"og:type\" content=\"article\" \/>\n<meta property=\"og:title\" content=\"Ausstellungen und Konferenzen - Les Toiles du Matin\" \/>\n<meta property=\"og:description\" content=\"Hier finden Sie meinen Beitrag in der Sendung &#8222;en qu\u00eate d&#8217;esprit&#8220; auf CNews. Im Rahmen einer Diskussion \u00fcber die Apokalypse mit Aymeric Pourbaix und V\u00e9ronique Jacquier wurde ich eingeladen, aus Sicht der Kunst zu argumentieren. https:\/\/www.cnews.fr\/emission\/2023-11-26\/lapocalypse-cest-maintenant-en-quete-desprit-emission-du-26112023-1422946 Vortr\u00e4ge \u00fcber Philosophie der Kunst: Um die Bedeutung der Kunst und unser Angezogensein auf das Sch\u00f6ne hin zu ergr\u00fcnden, [&hellip;]\" \/>\n<meta property=\"og:url\" content=\"https:\/\/lestoilesdumatin.fr\/de\/ausstellungen-und-konferenzen\/\" \/>\n<meta property=\"og:site_name\" content=\"Les Toiles du Matin\" \/>\n<meta property=\"article:modified_time\" content=\"2024-09-13T08:00:20+00:00\" \/>\n<meta property=\"og:image\" content=\"https:\/\/lestoilesdumatin.fr\/wp-content\/uploads\/2022\/09\/affiche-concert-expo-n\u00b02.jpg\" \/>\n\t<meta property=\"og:image:width\" content=\"1122\" \/>\n\t<meta property=\"og:image:height\" content=\"793\" \/>\n\t<meta property=\"og:image:type\" content=\"image\/jpeg\" \/>\n<meta name=\"twitter:card\" content=\"summary_large_image\" \/>\n<meta name=\"twitter:label1\" content=\"Gesch\u00e4tzte Lesezeit\" \/>\n\t<meta name=\"twitter:data1\" content=\"2\u00a0Minuten\" \/>\n<script type=\"application\/ld+json\" class=\"yoast-schema-graph\">{\"@context\":\"https:\\\/\\\/schema.org\",\"@graph\":[{\"@type\":\"WebPage\",\"@id\":\"https:\\\/\\\/lestoilesdumatin.fr\\\/de\\\/ausstellungen-und-konferenzen\\\/\",\"url\":\"https:\\\/\\\/lestoilesdumatin.fr\\\/de\\\/ausstellungen-und-konferenzen\\\/\",\"name\":\"Ausstellungen und Konferenzen - Les Toiles du Matin\",\"isPartOf\":{\"@id\":\"https:\\\/\\\/lestoilesdumatin.fr\\\/#website\"},\"primaryImageOfPage\":{\"@id\":\"https:\\\/\\\/lestoilesdumatin.fr\\\/de\\\/ausstellungen-und-konferenzen\\\/#primaryimage\"},\"image\":{\"@id\":\"https:\\\/\\\/lestoilesdumatin.fr\\\/de\\\/ausstellungen-und-konferenzen\\\/#primaryimage\"},\"thumbnailUrl\":\"https:\\\/\\\/lestoilesdumatin.fr\\\/wp-content\\\/uploads\\\/2022\\\/09\\\/affiche-concert-expo-n\u00b02.jpg\",\"datePublished\":\"2018-04-30T08:25:21+00:00\",\"dateModified\":\"2024-09-13T08:00:20+00:00\",\"breadcrumb\":{\"@id\":\"https:\\\/\\\/lestoilesdumatin.fr\\\/de\\\/ausstellungen-und-konferenzen\\\/#breadcrumb\"},\"inLanguage\":\"de\",\"potentialAction\":[{\"@type\":\"ReadAction\",\"target\":[\"https:\\\/\\\/lestoilesdumatin.fr\\\/de\\\/ausstellungen-und-konferenzen\\\/\"]}]},{\"@type\":\"ImageObject\",\"inLanguage\":\"de\",\"@id\":\"https:\\\/\\\/lestoilesdumatin.fr\\\/de\\\/ausstellungen-und-konferenzen\\\/#primaryimage\",\"url\":\"https:\\\/\\\/lestoilesdumatin.fr\\\/wp-content\\\/uploads\\\/2022\\\/09\\\/affiche-concert-expo-n\u00b02.jpg\",\"contentUrl\":\"https:\\\/\\\/lestoilesdumatin.fr\\\/wp-content\\\/uploads\\\/2022\\\/09\\\/affiche-concert-expo-n\u00b02.jpg\",\"width\":1122,\"height\":793},{\"@type\":\"BreadcrumbList\",\"@id\":\"https:\\\/\\\/lestoilesdumatin.fr\\\/de\\\/ausstellungen-und-konferenzen\\\/#breadcrumb\",\"itemListElement\":[{\"@type\":\"ListItem\",\"position\":1,\"name\":\"Home\",\"item\":\"https:\\\/\\\/lestoilesdumatin.fr\\\/de\\\/\"},{\"@type\":\"ListItem\",\"position\":2,\"name\":\"Ausstellungen und Konferenzen\"}]},{\"@type\":\"WebSite\",\"@id\":\"https:\\\/\\\/lestoilesdumatin.fr\\\/#website\",\"url\":\"https:\\\/\\\/lestoilesdumatin.fr\\\/\",\"name\":\"Les Toiles du Matin\",\"description\":\"\",\"potentialAction\":[{\"@type\":\"SearchAction\",\"target\":{\"@type\":\"EntryPoint\",\"urlTemplate\":\"https:\\\/\\\/lestoilesdumatin.fr\\\/?s={search_term_string}\"},\"query-input\":{\"@type\":\"PropertyValueSpecification\",\"valueRequired\":true,\"valueName\":\"search_term_string\"}}],\"inLanguage\":\"de\"}]}<\/script>\n<!-- \/ Yoast SEO plugin. -->","yoast_head_json":{"title":"Ausstellungen und Konferenzen - Les Toiles du Matin","robots":{"index":"index","follow":"follow","max-snippet":"max-snippet:-1","max-image-preview":"max-image-preview:large","max-video-preview":"max-video-preview:-1"},"canonical":"https:\/\/lestoilesdumatin.fr\/de\/ausstellungen-und-konferenzen\/","og_locale":"de_DE","og_type":"article","og_title":"Ausstellungen und Konferenzen - Les Toiles du Matin","og_description":"Hier finden Sie meinen Beitrag in der Sendung &#8222;en qu\u00eate d&#8217;esprit&#8220; auf CNews. Im Rahmen einer Diskussion \u00fcber die Apokalypse mit Aymeric Pourbaix und V\u00e9ronique Jacquier wurde ich eingeladen, aus Sicht der Kunst zu argumentieren. https:\/\/www.cnews.fr\/emission\/2023-11-26\/lapocalypse-cest-maintenant-en-quete-desprit-emission-du-26112023-1422946 Vortr\u00e4ge \u00fcber Philosophie der Kunst: Um die Bedeutung der Kunst und unser Angezogensein auf das Sch\u00f6ne hin zu ergr\u00fcnden, [&hellip;]","og_url":"https:\/\/lestoilesdumatin.fr\/de\/ausstellungen-und-konferenzen\/","og_site_name":"Les Toiles du Matin","article_modified_time":"2024-09-13T08:00:20+00:00","og_image":[{"width":1122,"height":793,"url":"https:\/\/lestoilesdumatin.fr\/wp-content\/uploads\/2022\/09\/affiche-concert-expo-n\u00b02.jpg","type":"image\/jpeg"}],"twitter_card":"summary_large_image","twitter_misc":{"Gesch\u00e4tzte Lesezeit":"2\u00a0Minuten"},"schema":{"@context":"https:\/\/schema.org","@graph":[{"@type":"WebPage","@id":"https:\/\/lestoilesdumatin.fr\/de\/ausstellungen-und-konferenzen\/","url":"https:\/\/lestoilesdumatin.fr\/de\/ausstellungen-und-konferenzen\/","name":"Ausstellungen und Konferenzen - Les Toiles du Matin","isPartOf":{"@id":"https:\/\/lestoilesdumatin.fr\/#website"},"primaryImageOfPage":{"@id":"https:\/\/lestoilesdumatin.fr\/de\/ausstellungen-und-konferenzen\/#primaryimage"},"image":{"@id":"https:\/\/lestoilesdumatin.fr\/de\/ausstellungen-und-konferenzen\/#primaryimage"},"thumbnailUrl":"https:\/\/lestoilesdumatin.fr\/wp-content\/uploads\/2022\/09\/affiche-concert-expo-n\u00b02.jpg","datePublished":"2018-04-30T08:25:21+00:00","dateModified":"2024-09-13T08:00:20+00:00","breadcrumb":{"@id":"https:\/\/lestoilesdumatin.fr\/de\/ausstellungen-und-konferenzen\/#breadcrumb"},"inLanguage":"de","potentialAction":[{"@type":"ReadAction","target":["https:\/\/lestoilesdumatin.fr\/de\/ausstellungen-und-konferenzen\/"]}]},{"@type":"ImageObject","inLanguage":"de","@id":"https:\/\/lestoilesdumatin.fr\/de\/ausstellungen-und-konferenzen\/#primaryimage","url":"https:\/\/lestoilesdumatin.fr\/wp-content\/uploads\/2022\/09\/affiche-concert-expo-n\u00b02.jpg","contentUrl":"https:\/\/lestoilesdumatin.fr\/wp-content\/uploads\/2022\/09\/affiche-concert-expo-n\u00b02.jpg","width":1122,"height":793},{"@type":"BreadcrumbList","@id":"https:\/\/lestoilesdumatin.fr\/de\/ausstellungen-und-konferenzen\/#breadcrumb","itemListElement":[{"@type":"ListItem","position":1,"name":"Home","item":"https:\/\/lestoilesdumatin.fr\/de\/"},{"@type":"ListItem","position":2,"name":"Ausstellungen und Konferenzen"}]},{"@type":"WebSite","@id":"https:\/\/lestoilesdumatin.fr\/#website","url":"https:\/\/lestoilesdumatin.fr\/","name":"Les Toiles du Matin","description":"","potentialAction":[{"@type":"SearchAction","target":{"@type":"EntryPoint","urlTemplate":"https:\/\/lestoilesdumatin.fr\/?s={search_term_string}"},"query-input":{"@type":"PropertyValueSpecification","valueRequired":true,"valueName":"search_term_string"}}],"inLanguage":"de"}]}},"_links":{"self":[{"href":"https:\/\/lestoilesdumatin.fr\/de\/wp-json\/wp\/v2\/pages\/3116","targetHints":{"allow":["GET"]}}],"collection":[{"href":"https:\/\/lestoilesdumatin.fr\/de\/wp-json\/wp\/v2\/pages"}],"about":[{"href":"https:\/\/lestoilesdumatin.fr\/de\/wp-json\/wp\/v2\/types\/page"}],"author":[{"embeddable":true,"href":"https:\/\/lestoilesdumatin.fr\/de\/wp-json\/wp\/v2\/users\/1"}],"replies":[{"embeddable":true,"href":"https:\/\/lestoilesdumatin.fr\/de\/wp-json\/wp\/v2\/comments?post=3116"}],"version-history":[{"count":0,"href":"https:\/\/lestoilesdumatin.fr\/de\/wp-json\/wp\/v2\/pages\/3116\/revisions"}],"wp:featuredmedia":[{"embeddable":true,"href":"https:\/\/lestoilesdumatin.fr\/de\/wp-json\/wp\/v2\/media\/3023"}],"wp:attachment":[{"href":"https:\/\/lestoilesdumatin.fr\/de\/wp-json\/wp\/v2\/media?parent=3116"}],"curies":[{"name":"wp","href":"https:\/\/api.w.org\/{rel}","templated":true}]}}