{"id":3109,"date":"2019-10-03T17:14:49","date_gmt":"2019-10-03T15:14:49","guid":{"rendered":"https:\/\/lestoilesdumatin.fr\/grosses-projekt\/"},"modified":"2024-08-17T22:01:28","modified_gmt":"2024-08-17T20:01:28","slug":"grosses-projekt","status":"publish","type":"page","link":"https:\/\/lestoilesdumatin.fr\/de\/grosses-projekt\/","title":{"rendered":"Gro\u00dfes Projekt"},"content":{"rendered":"\t\t<div data-elementor-type=\"wp-page\" data-elementor-id=\"3109\" class=\"elementor elementor-3109 elementor-814\" data-elementor-post-type=\"page\">\n\t\t\t\t\t\t<section class=\"elementor-section elementor-top-section elementor-element elementor-element-a719120 elementor-section-boxed elementor-section-height-default elementor-section-height-default\" data-id=\"a719120\" data-element_type=\"section\" data-e-type=\"section\">\n\t\t\t\t\t\t<div class=\"elementor-container elementor-column-gap-default\">\n\t\t\t\t\t<div class=\"elementor-column elementor-col-100 elementor-top-column elementor-element elementor-element-1f3670b\" data-id=\"1f3670b\" data-element_type=\"column\" data-e-type=\"column\">\n\t\t\t<div class=\"elementor-widget-wrap elementor-element-populated\">\n\t\t\t\t\t\t<div class=\"elementor-element elementor-element-c065f4f elementor-widget elementor-widget-image\" data-id=\"c065f4f\" data-element_type=\"widget\" data-e-type=\"widget\" data-widget_type=\"image.default\">\n\t\t\t\t<div class=\"elementor-widget-container\">\n\t\t\t\t\t\t\t\t\t\t\t\t<figure class=\"wp-caption\">\n\t\t\t\t\t\t\t\t\t\t<img fetchpriority=\"high\" decoding=\"async\" width=\"800\" height=\"386\" src=\"https:\/\/lestoilesdumatin.fr\/wp-content\/uploads\/2020\/09\/IMG_4141-1024x494.jpg\" class=\"attachment-large size-large wp-image-2989\" alt=\"\" srcset=\"https:\/\/lestoilesdumatin.fr\/wp-content\/uploads\/2020\/09\/IMG_4141-1024x494.jpg 1024w, https:\/\/lestoilesdumatin.fr\/wp-content\/uploads\/2020\/09\/IMG_4141-300x145.jpg 300w, https:\/\/lestoilesdumatin.fr\/wp-content\/uploads\/2020\/09\/IMG_4141-768x371.jpg 768w, https:\/\/lestoilesdumatin.fr\/wp-content\/uploads\/2020\/09\/IMG_4141-1536x741.jpg 1536w, https:\/\/lestoilesdumatin.fr\/wp-content\/uploads\/2020\/09\/IMG_4141-scaled.jpg 2048w\" sizes=\"(max-width: 800px) 100vw, 800px\" \/>\t\t\t\t\t\t\t\t\t\t\t<figcaption class=\"widget-image-caption wp-caption-text\">Fresque (5m x 2,50m)<\/figcaption>\n\t\t\t\t\t\t\t\t\t\t<\/figure>\n\t\t\t\t\t\t\t\t\t<\/div>\n\t\t\t\t<\/div>\n\t\t\t\t\t<\/div>\n\t\t<\/div>\n\t\t\t\t\t<\/div>\n\t\t<\/section>\n\t\t\t\t<section class=\"elementor-section elementor-top-section elementor-element elementor-element-252641bc elementor-section-boxed elementor-section-height-default elementor-section-height-default\" data-id=\"252641bc\" data-element_type=\"section\" data-e-type=\"section\">\n\t\t\t\t\t\t<div class=\"elementor-container elementor-column-gap-default\">\n\t\t\t\t\t<div class=\"elementor-column elementor-col-100 elementor-top-column elementor-element elementor-element-715a0dc6\" data-id=\"715a0dc6\" data-element_type=\"column\" data-e-type=\"column\">\n\t\t\t<div class=\"elementor-widget-wrap elementor-element-populated\">\n\t\t\t\t\t\t<div class=\"elementor-element elementor-element-3ff116fe elementor-widget elementor-widget-text-editor\" data-id=\"3ff116fe\" data-element_type=\"widget\" data-e-type=\"widget\" data-widget_type=\"text-editor.default\">\n\t\t\t\t<div class=\"elementor-widget-container\">\n\t\t\t\t\t\t\t\t\t<p><\/p>\n<p>Sie haben ein Projekt &#8211; bereits gut durchdacht oder nur in groben Z\u00fcgen:&nbsp; Aber offensichtlich ist es ein gro\u00dfes Projekt.<\/p>\n<p><\/p>\n<p>Wenn Sie eine Pfarrei, eine Gemeinschaft oder ein Orden sind: Handelt es sich um eine Kapelle, die dekoriert werden soll? M\u00f6chten Sie die R\u00fcckseite Ihres Altars mit einem Werk schm\u00fccken, das Sie und die Gl\u00e4ubigen oder die ganze Gemeinde w\u00e4hrend der Messfeier zur Kontemplation f\u00fchrt?<\/p>\n<p>Wenn Sie Eltern, Vorsitzender eines Vereins, Leiter einer Schule oder eines Instituts sind:&nbsp; Handelt es sich um ein Zimmer oder ein sch\u00f6nes Wohnzimmer, das Sie dekorieren m\u00f6chten?&nbsp; Von einem B\u00fchnenbild, das Sie selber herstellen oder herstellen lassen wollen?&nbsp; Von einer Au\u00dfenfassade, die mit Trompe-l&#8217;oeil-Malerei, illusionistische Malerei, die Dreidimensionalit\u00e4t durch perspektivische Darstellung vort\u00e4uscht, bemalt werden soll?&nbsp;&nbsp;<\/p>\n<p><\/p>\n<p>Mehrere k\u00fcnstlerische M\u00f6glichkeiten stehen Ihnen zur Verf\u00fcgung&nbsp;:<\/p>\n<p><\/p>\n<ul>\n<li>F\u00fcr eine Wand, k\u00f6nnen Sie eine der edelsten und \u00e4ltesten Techniken&nbsp; w\u00e4hlen: <a href=\"https:\/\/lestoilesdumatin.fr\/fresques-et-peintures-murales-2\/\">das Fresko<\/a>. Je nach Zweck des Kunstwerks kann es jedoch besser sein, sich f\u00fcr eine <a href=\"https:\/\/lestoilesdumatin.fr\/fresques-et-peintures-murales-2\/\">Wand-<\/a>, \u00d6l- oder Acrylmalerei zu entscheiden.&nbsp;<\/li>\n<li>F\u00fcr ein gro\u00dfes mobiles Kunstwerk, das befestigt werden soll, k\u00f6nnen Sie ein Tempera-Kunstwerk auf einer Tafel bestellen, in Form eines&nbsp;<a href=\"https:\/\/lestoilesdumatin.fr\/de\/gemaelde-auf-kunstvoll-gearbeiteten-tafeln-typ-altarbilder\/\" style=\"background-color: rgb(0, 0, 0);\">zwei- oder dreiteiligen Altarbildes<\/a>. Die kunstvolle Bearbeitung des Holzst\u00e4nders und eventuell Blattgold sind mit eingeschlossen. Auch ein gro\u00dfes \u00d6lgem\u00e4lde auf Leinwand mit \u00e4hnlichen Besonderheiten wie die kleineren Werke kann in Betracht gezogen werden.&nbsp;<\/li>\n<\/ul>\n<p><\/p>\n<p>In jedem Fall h\u00e4ngt die Wahl der Technik, des Mediums und der Komposition von der Bestimmung des Kunstwerks ab, d. h. von dem Ort&nbsp; und seiner Gestaltung: Harmonie ist die Grundlage eines Kunstwerks. Daher sollte es sich in den Raum, in dem es stehen soll, einf\u00fcgen. Deshalb ist es wichtig, ein solches Projekt gemeinsam zu erarbeiten: Sie unterbreiten mir Ihre Idee, ich mache Ihnen Vorschl\u00e4ge und erkl\u00e4re sie. Dann besprechen wir alles, und schlie\u00dflich mache ich Ihnen einen Kostenvoranschlag. Es folgen vorbereitende Zeichnungen, \u00fcber die wir uns austauschen etc.<\/p>\n<p><\/p>\t\t\t\t\t\t\t\t<\/div>\n\t\t\t\t<\/div>\n\t\t\t\t<div class=\"elementor-element elementor-element-bd138db elementor-cta--skin-cover elementor-animated-content elementor-bg-transform elementor-bg-transform-zoom-in elementor-widget elementor-widget-global elementor-global-3221 elementor-global-1422 elementor-widget-call-to-action\" data-id=\"bd138db\" data-element_type=\"widget\" data-e-type=\"widget\" data-widget_type=\"call-to-action.default\">\n\t\t\t\t<div class=\"elementor-widget-container\">\n\t\t\t\t\t\t\t<a class=\"elementor-cta\" href=\"https:\/\/lestoilesdumatin.fr\/de\/kontakt\/\">\n\t\t\t\t\t<div class=\"elementor-cta__bg-wrapper\">\n\t\t\t\t<div class=\"elementor-cta__bg elementor-bg\" style=\"background-image: url(https:\/\/lestoilesdumatin.fr\/wp-content\/uploads\/2019\/09\/brushes-3129361_1280-1024x683.jpg);\" role=\"img\" aria-label=\"brushes-3129361_1280\"><\/div>\n\t\t\t\t<div class=\"elementor-cta__bg-overlay\"><\/div>\n\t\t\t<\/div>\n\t\t\t\t\t\t\t<div class=\"elementor-cta__content\">\n\t\t\t\t\t\t\t\t\t<div class=\"elementor-content-item elementor-cta__content-item elementor-icon-wrapper elementor-cta__icon elementor-view-default elementor-animated-item--grow\">\n\t\t\t\t\t\t<div class=\"elementor-icon\">\n\t\t\t\t\t\t\t<i aria-hidden=\"true\" class=\"fas fa-paint-brush\"><\/i>\t\t\t\t\t\t<\/div>\n\t\t\t\t\t<\/div>\n\t\t\t\t\n\t\t\t\t\t\t\t\t\t<h2 class=\"elementor-cta__title elementor-cta__content-item elementor-content-item elementor-animated-item--grow\">\n\t\t\t\t\t\tInteressiert?\t\t\t\t\t<\/h2>\n\t\t\t\t\n\t\t\t\t\t\t\t\t\t<div class=\"elementor-cta__description elementor-cta__content-item elementor-content-item elementor-animated-item--grow\">\n\t\t\t\t\t\t<p>Haben Sie ein Projekt im Kopf? Oder m\u00f6chten Sie einfach nur ein Werk kaufen, das auf dieser Website gesichtet wurde?  <\/p>\n\t\t\t\t\t<\/div>\n\t\t\t\t\n\t\t\t\t\t\t\t\t\t<div class=\"elementor-cta__button-wrapper elementor-cta__content-item elementor-content-item elementor-animated-item--grow\">\n\t\t\t\t\t<span class=\"elementor-cta__button elementor-button elementor-size-\">\n\t\t\t\t\t\tMich kontaktieren\t\t\t\t\t<\/span>\n\t\t\t\t\t<\/div>\n\t\t\t\t\t\t\t<\/div>\n\t\t\t\t\t\t<\/a>\n\t\t\t\t\t\t<\/div>\n\t\t\t\t<\/div>\n\t\t\t\t\t<\/div>\n\t\t<\/div>\n\t\t\t\t\t<\/div>\n\t\t<\/section>\n\t\t\t\t<\/div>\n\t\t","protected":false},"excerpt":{"rendered":"<p>Fresque (5m x 2,50m) Sie haben ein Projekt &#8211; bereits gut durchdacht oder nur in groben Z\u00fcgen:&nbsp; Aber offensichtlich ist es ein gro\u00dfes Projekt. Wenn Sie eine Pfarrei, eine Gemeinschaft oder ein Orden sind: Handelt es sich um eine Kapelle, die dekoriert werden soll? M\u00f6chten Sie die R\u00fcckseite Ihres Altars mit einem Werk schm\u00fccken, das [&hellip;]<\/p>\n","protected":false},"author":1,"featured_media":0,"parent":0,"menu_order":0,"comment_status":"closed","ping_status":"closed","template":"","meta":{"footnotes":""},"class_list":["post-3109","page","type-page","status-publish","hentry"],"yoast_head":"<!-- This site is optimized with the Yoast SEO plugin v27.6 - https:\/\/yoast.com\/product\/yoast-seo-wordpress\/ -->\n<title>Gro\u00dfes Projekt - Les Toiles du Matin<\/title>\n<meta name=\"robots\" content=\"index, follow, max-snippet:-1, max-image-preview:large, max-video-preview:-1\" \/>\n<link rel=\"canonical\" href=\"https:\/\/lestoilesdumatin.fr\/de\/grosses-projekt\/\" \/>\n<meta property=\"og:locale\" content=\"de_DE\" \/>\n<meta property=\"og:type\" content=\"article\" \/>\n<meta property=\"og:title\" content=\"Gro\u00dfes Projekt - Les Toiles du Matin\" \/>\n<meta property=\"og:description\" content=\"Fresque (5m x 2,50m) Sie haben ein Projekt &#8211; bereits gut durchdacht oder nur in groben Z\u00fcgen:&nbsp; Aber offensichtlich ist es ein gro\u00dfes Projekt. Wenn Sie eine Pfarrei, eine Gemeinschaft oder ein Orden sind: Handelt es sich um eine Kapelle, die dekoriert werden soll? M\u00f6chten Sie die R\u00fcckseite Ihres Altars mit einem Werk schm\u00fccken, das [&hellip;]\" \/>\n<meta property=\"og:url\" content=\"https:\/\/lestoilesdumatin.fr\/de\/grosses-projekt\/\" \/>\n<meta property=\"og:site_name\" content=\"Les Toiles du Matin\" \/>\n<meta property=\"article:modified_time\" content=\"2024-08-17T20:01:28+00:00\" \/>\n<meta property=\"og:image\" content=\"http:\/\/lestoilesdumatin.fr\/wp-content\/uploads\/2020\/09\/IMG_4141-1024x494.jpg\" \/>\n<meta name=\"twitter:card\" content=\"summary_large_image\" \/>\n<meta name=\"twitter:label1\" content=\"Gesch\u00e4tzte Lesezeit\" \/>\n\t<meta name=\"twitter:data1\" content=\"2\u00a0Minuten\" \/>\n<script type=\"application\/ld+json\" class=\"yoast-schema-graph\">{\"@context\":\"https:\\\/\\\/schema.org\",\"@graph\":[{\"@type\":\"WebPage\",\"@id\":\"https:\\\/\\\/lestoilesdumatin.fr\\\/de\\\/grosses-projekt\\\/\",\"url\":\"https:\\\/\\\/lestoilesdumatin.fr\\\/de\\\/grosses-projekt\\\/\",\"name\":\"Gro\u00dfes Projekt - Les Toiles du Matin\",\"isPartOf\":{\"@id\":\"https:\\\/\\\/lestoilesdumatin.fr\\\/#website\"},\"primaryImageOfPage\":{\"@id\":\"https:\\\/\\\/lestoilesdumatin.fr\\\/de\\\/grosses-projekt\\\/#primaryimage\"},\"image\":{\"@id\":\"https:\\\/\\\/lestoilesdumatin.fr\\\/de\\\/grosses-projekt\\\/#primaryimage\"},\"thumbnailUrl\":\"http:\\\/\\\/lestoilesdumatin.fr\\\/wp-content\\\/uploads\\\/2020\\\/09\\\/IMG_4141-1024x494.jpg\",\"datePublished\":\"2019-10-03T15:14:49+00:00\",\"dateModified\":\"2024-08-17T20:01:28+00:00\",\"breadcrumb\":{\"@id\":\"https:\\\/\\\/lestoilesdumatin.fr\\\/de\\\/grosses-projekt\\\/#breadcrumb\"},\"inLanguage\":\"de\",\"potentialAction\":[{\"@type\":\"ReadAction\",\"target\":[\"https:\\\/\\\/lestoilesdumatin.fr\\\/de\\\/grosses-projekt\\\/\"]}]},{\"@type\":\"ImageObject\",\"inLanguage\":\"de\",\"@id\":\"https:\\\/\\\/lestoilesdumatin.fr\\\/de\\\/grosses-projekt\\\/#primaryimage\",\"url\":\"http:\\\/\\\/lestoilesdumatin.fr\\\/wp-content\\\/uploads\\\/2020\\\/09\\\/IMG_4141-1024x494.jpg\",\"contentUrl\":\"http:\\\/\\\/lestoilesdumatin.fr\\\/wp-content\\\/uploads\\\/2020\\\/09\\\/IMG_4141-1024x494.jpg\"},{\"@type\":\"BreadcrumbList\",\"@id\":\"https:\\\/\\\/lestoilesdumatin.fr\\\/de\\\/grosses-projekt\\\/#breadcrumb\",\"itemListElement\":[{\"@type\":\"ListItem\",\"position\":1,\"name\":\"Home\",\"item\":\"https:\\\/\\\/lestoilesdumatin.fr\\\/de\\\/\"},{\"@type\":\"ListItem\",\"position\":2,\"name\":\"Gro\u00dfes Projekt\"}]},{\"@type\":\"WebSite\",\"@id\":\"https:\\\/\\\/lestoilesdumatin.fr\\\/#website\",\"url\":\"https:\\\/\\\/lestoilesdumatin.fr\\\/\",\"name\":\"Les Toiles du Matin\",\"description\":\"\",\"potentialAction\":[{\"@type\":\"SearchAction\",\"target\":{\"@type\":\"EntryPoint\",\"urlTemplate\":\"https:\\\/\\\/lestoilesdumatin.fr\\\/?s={search_term_string}\"},\"query-input\":{\"@type\":\"PropertyValueSpecification\",\"valueRequired\":true,\"valueName\":\"search_term_string\"}}],\"inLanguage\":\"de\"}]}<\/script>\n<!-- \/ Yoast SEO plugin. -->","yoast_head_json":{"title":"Gro\u00dfes Projekt - Les Toiles du Matin","robots":{"index":"index","follow":"follow","max-snippet":"max-snippet:-1","max-image-preview":"max-image-preview:large","max-video-preview":"max-video-preview:-1"},"canonical":"https:\/\/lestoilesdumatin.fr\/de\/grosses-projekt\/","og_locale":"de_DE","og_type":"article","og_title":"Gro\u00dfes Projekt - Les Toiles du Matin","og_description":"Fresque (5m x 2,50m) Sie haben ein Projekt &#8211; bereits gut durchdacht oder nur in groben Z\u00fcgen:&nbsp; Aber offensichtlich ist es ein gro\u00dfes Projekt. Wenn Sie eine Pfarrei, eine Gemeinschaft oder ein Orden sind: Handelt es sich um eine Kapelle, die dekoriert werden soll? M\u00f6chten Sie die R\u00fcckseite Ihres Altars mit einem Werk schm\u00fccken, das [&hellip;]","og_url":"https:\/\/lestoilesdumatin.fr\/de\/grosses-projekt\/","og_site_name":"Les Toiles du Matin","article_modified_time":"2024-08-17T20:01:28+00:00","og_image":[{"url":"http:\/\/lestoilesdumatin.fr\/wp-content\/uploads\/2020\/09\/IMG_4141-1024x494.jpg","type":"","width":"","height":""}],"twitter_card":"summary_large_image","twitter_misc":{"Gesch\u00e4tzte Lesezeit":"2\u00a0Minuten"},"schema":{"@context":"https:\/\/schema.org","@graph":[{"@type":"WebPage","@id":"https:\/\/lestoilesdumatin.fr\/de\/grosses-projekt\/","url":"https:\/\/lestoilesdumatin.fr\/de\/grosses-projekt\/","name":"Gro\u00dfes Projekt - Les Toiles du Matin","isPartOf":{"@id":"https:\/\/lestoilesdumatin.fr\/#website"},"primaryImageOfPage":{"@id":"https:\/\/lestoilesdumatin.fr\/de\/grosses-projekt\/#primaryimage"},"image":{"@id":"https:\/\/lestoilesdumatin.fr\/de\/grosses-projekt\/#primaryimage"},"thumbnailUrl":"http:\/\/lestoilesdumatin.fr\/wp-content\/uploads\/2020\/09\/IMG_4141-1024x494.jpg","datePublished":"2019-10-03T15:14:49+00:00","dateModified":"2024-08-17T20:01:28+00:00","breadcrumb":{"@id":"https:\/\/lestoilesdumatin.fr\/de\/grosses-projekt\/#breadcrumb"},"inLanguage":"de","potentialAction":[{"@type":"ReadAction","target":["https:\/\/lestoilesdumatin.fr\/de\/grosses-projekt\/"]}]},{"@type":"ImageObject","inLanguage":"de","@id":"https:\/\/lestoilesdumatin.fr\/de\/grosses-projekt\/#primaryimage","url":"http:\/\/lestoilesdumatin.fr\/wp-content\/uploads\/2020\/09\/IMG_4141-1024x494.jpg","contentUrl":"http:\/\/lestoilesdumatin.fr\/wp-content\/uploads\/2020\/09\/IMG_4141-1024x494.jpg"},{"@type":"BreadcrumbList","@id":"https:\/\/lestoilesdumatin.fr\/de\/grosses-projekt\/#breadcrumb","itemListElement":[{"@type":"ListItem","position":1,"name":"Home","item":"https:\/\/lestoilesdumatin.fr\/de\/"},{"@type":"ListItem","position":2,"name":"Gro\u00dfes Projekt"}]},{"@type":"WebSite","@id":"https:\/\/lestoilesdumatin.fr\/#website","url":"https:\/\/lestoilesdumatin.fr\/","name":"Les Toiles du Matin","description":"","potentialAction":[{"@type":"SearchAction","target":{"@type":"EntryPoint","urlTemplate":"https:\/\/lestoilesdumatin.fr\/?s={search_term_string}"},"query-input":{"@type":"PropertyValueSpecification","valueRequired":true,"valueName":"search_term_string"}}],"inLanguage":"de"}]}},"_links":{"self":[{"href":"https:\/\/lestoilesdumatin.fr\/de\/wp-json\/wp\/v2\/pages\/3109","targetHints":{"allow":["GET"]}}],"collection":[{"href":"https:\/\/lestoilesdumatin.fr\/de\/wp-json\/wp\/v2\/pages"}],"about":[{"href":"https:\/\/lestoilesdumatin.fr\/de\/wp-json\/wp\/v2\/types\/page"}],"author":[{"embeddable":true,"href":"https:\/\/lestoilesdumatin.fr\/de\/wp-json\/wp\/v2\/users\/1"}],"replies":[{"embeddable":true,"href":"https:\/\/lestoilesdumatin.fr\/de\/wp-json\/wp\/v2\/comments?post=3109"}],"version-history":[{"count":0,"href":"https:\/\/lestoilesdumatin.fr\/de\/wp-json\/wp\/v2\/pages\/3109\/revisions"}],"wp:attachment":[{"href":"https:\/\/lestoilesdumatin.fr\/de\/wp-json\/wp\/v2\/media?parent=3109"}],"curies":[{"name":"wp","href":"https:\/\/api.w.org\/{rel}","templated":true}]}}