{"id":3096,"date":"2019-09-26T17:50:01","date_gmt":"2019-09-26T15:50:01","guid":{"rendered":"https:\/\/lestoilesdumatin.fr\/bestellung\/"},"modified":"2024-07-22T10:26:04","modified_gmt":"2024-07-22T08:26:04","slug":"bestellung","status":"publish","type":"page","link":"https:\/\/lestoilesdumatin.fr\/de\/bestellung\/","title":{"rendered":"Bestellung"},"content":{"rendered":"\t\t<div data-elementor-type=\"wp-page\" data-elementor-id=\"3096\" class=\"elementor elementor-3096 elementor-778\" data-elementor-post-type=\"page\">\n\t\t\t\t\t\t<section class=\"elementor-section elementor-top-section elementor-element elementor-element-bb6e463 elementor-section-boxed elementor-section-height-default elementor-section-height-default\" data-id=\"bb6e463\" data-element_type=\"section\" data-e-type=\"section\">\n\t\t\t\t\t\t<div class=\"elementor-container elementor-column-gap-default\">\n\t\t\t\t\t<div class=\"elementor-column elementor-col-100 elementor-top-column elementor-element elementor-element-190db4f\" data-id=\"190db4f\" data-element_type=\"column\" data-e-type=\"column\">\n\t\t\t<div class=\"elementor-widget-wrap elementor-element-populated\">\n\t\t\t\t\t\t<div class=\"elementor-element elementor-element-6e4739d elementor-widget elementor-widget-spacer\" data-id=\"6e4739d\" data-element_type=\"widget\" data-e-type=\"widget\" data-widget_type=\"spacer.default\">\n\t\t\t\t<div class=\"elementor-widget-container\">\n\t\t\t\t\t\t\t<div class=\"elementor-spacer\">\n\t\t\t<div class=\"elementor-spacer-inner\"><\/div>\n\t\t<\/div>\n\t\t\t\t\t\t<\/div>\n\t\t\t\t<\/div>\n\t\t\t\t\t<\/div>\n\t\t<\/div>\n\t\t\t\t\t<\/div>\n\t\t<\/section>\n\t\t\t\t<section class=\"elementor-section elementor-top-section elementor-element elementor-element-900ec37 elementor-section-boxed elementor-section-height-default elementor-section-height-default\" data-id=\"900ec37\" data-element_type=\"section\" data-e-type=\"section\">\n\t\t\t\t\t\t<div class=\"elementor-container elementor-column-gap-default\">\n\t\t\t\t\t<div class=\"elementor-column elementor-col-100 elementor-top-column elementor-element elementor-element-6533693\" data-id=\"6533693\" data-element_type=\"column\" data-e-type=\"column\">\n\t\t\t<div class=\"elementor-widget-wrap elementor-element-populated\">\n\t\t\t\t\t\t<div class=\"elementor-element elementor-element-68f437c elementor-widget elementor-widget-text-editor\" data-id=\"68f437c\" data-element_type=\"widget\" data-e-type=\"widget\" data-widget_type=\"text-editor.default\">\n\t\t\t\t<div class=\"elementor-widget-container\">\n\t\t\t\t\t\t\t\t\t<h3>Welchen Umfang hat Ihr Projekt? <\/h3>\n\t\t\t\t\t\t\t\t<\/div>\n\t\t\t\t<\/div>\n\t\t\t\t\t<\/div>\n\t\t<\/div>\n\t\t\t\t\t<\/div>\n\t\t<\/section>\n\t\t\t\t<section class=\"elementor-section elementor-top-section elementor-element elementor-element-94d2988 elementor-section-boxed elementor-section-height-default elementor-section-height-default\" data-id=\"94d2988\" data-element_type=\"section\" data-e-type=\"section\">\n\t\t\t\t\t\t<div class=\"elementor-container elementor-column-gap-default\">\n\t\t\t\t\t<div class=\"elementor-column elementor-col-50 elementor-top-column elementor-element elementor-element-d4ae0ab\" data-id=\"d4ae0ab\" data-element_type=\"column\" data-e-type=\"column\">\n\t\t\t<div class=\"elementor-widget-wrap elementor-element-populated\">\n\t\t\t\t\t\t<div class=\"elementor-element elementor-element-754ae7c elementor-align-center elementor-widget elementor-widget-button\" data-id=\"754ae7c\" data-element_type=\"widget\" data-e-type=\"widget\" data-widget_type=\"button.default\">\n\t\t\t\t<div class=\"elementor-widget-container\">\n\t\t\t\t\t\t\t\t\t<div class=\"elementor-button-wrapper\">\n\t\t\t\t\t<a class=\"elementor-button elementor-button-link elementor-size-sm\" href=\"https:\/\/lestoilesdumatin.fr\/de\/grosses-projekt\/\">\n\t\t\t\t\t\t<span class=\"elementor-button-content-wrapper\">\n\t\t\t\t\t\t\t\t\t<span class=\"elementor-button-text\">Gro\u00dfes Projekt<\/span>\n\t\t\t\t\t<\/span>\n\t\t\t\t\t<\/a>\n\t\t\t\t<\/div>\n\t\t\t\t\t\t\t\t<\/div>\n\t\t\t\t<\/div>\n\t\t\t\t<div class=\"elementor-element elementor-element-69b8c45 elementor-widget elementor-widget-text-editor\" data-id=\"69b8c45\" data-element_type=\"widget\" data-e-type=\"widget\" data-widget_type=\"text-editor.default\">\n\t\t\t\t<div class=\"elementor-widget-container\">\n\t\t\t\t\t\t\t\t\t<p>Eine Kapelle, die dekoriert werden soll, ein gro\u00dfes Fresko, ein Gem\u00e4lde mit au\u00dfergew\u00f6hnlichen Dimensionen &#8230;<\/p>\n\t\t\t\t\t\t\t\t<\/div>\n\t\t\t\t<\/div>\n\t\t\t\t\t<\/div>\n\t\t<\/div>\n\t\t\t\t<div class=\"elementor-column elementor-col-50 elementor-top-column elementor-element elementor-element-06f3db7\" data-id=\"06f3db7\" data-element_type=\"column\" data-e-type=\"column\">\n\t\t\t<div class=\"elementor-widget-wrap elementor-element-populated\">\n\t\t\t\t\t\t<div class=\"elementor-element elementor-element-d6e1cb3 elementor-align-center elementor-widget elementor-widget-button\" data-id=\"d6e1cb3\" data-element_type=\"widget\" data-e-type=\"widget\" data-widget_type=\"button.default\">\n\t\t\t\t<div class=\"elementor-widget-container\">\n\t\t\t\t\t\t\t\t\t<div class=\"elementor-button-wrapper\">\n\t\t\t\t\t<a class=\"elementor-button elementor-button-link elementor-size-sm\" href=\"https:\/\/lestoilesdumatin.fr\/de\/familien-oder-persoenliches-projekt\/\">\n\t\t\t\t\t\t<span class=\"elementor-button-content-wrapper\">\n\t\t\t\t\t\t\t\t\t<span class=\"elementor-button-text\">ein pers\u00f6nliches Projekt oder eines f\u00fcr die ganze Familie<\/span>\n\t\t\t\t\t<\/span>\n\t\t\t\t\t<\/a>\n\t\t\t\t<\/div>\n\t\t\t\t\t\t\t\t<\/div>\n\t\t\t\t<\/div>\n\t\t\t\t<div class=\"elementor-element elementor-element-26a78a0 elementor-widget elementor-widget-text-editor\" data-id=\"26a78a0\" data-element_type=\"widget\" data-e-type=\"widget\" data-widget_type=\"text-editor.default\">\n\t\t\t\t<div class=\"elementor-widget-container\">\n\t\t\t\t\t\t\t\t\t<p>Eine Kopie, ein kleines Gem\u00e4lde f\u00fcr Ihr Wohnzimmer, ein Portr\u00e4t, ein Familienbild, das restauriert werden soll &#8230;<\/p>\n\t\t\t\t\t\t\t\t<\/div>\n\t\t\t\t<\/div>\n\t\t\t\t\t<\/div>\n\t\t<\/div>\n\t\t\t\t\t<\/div>\n\t\t<\/section>\n\t\t\t\t<section class=\"elementor-section elementor-top-section elementor-element elementor-element-b5b022c elementor-section-boxed elementor-section-height-default elementor-section-height-default\" data-id=\"b5b022c\" data-element_type=\"section\" data-e-type=\"section\">\n\t\t\t\t\t\t<div class=\"elementor-container elementor-column-gap-default\">\n\t\t\t\t\t<div class=\"elementor-column elementor-col-100 elementor-top-column elementor-element elementor-element-a40157c\" data-id=\"a40157c\" data-element_type=\"column\" data-e-type=\"column\">\n\t\t\t<div class=\"elementor-widget-wrap elementor-element-populated\">\n\t\t\t\t\t\t<div class=\"elementor-element elementor-element-f199066 elementor-widget elementor-widget-spacer\" data-id=\"f199066\" data-element_type=\"widget\" data-e-type=\"widget\" data-widget_type=\"spacer.default\">\n\t\t\t\t<div class=\"elementor-widget-container\">\n\t\t\t\t\t\t\t<div class=\"elementor-spacer\">\n\t\t\t<div class=\"elementor-spacer-inner\"><\/div>\n\t\t<\/div>\n\t\t\t\t\t\t<\/div>\n\t\t\t\t<\/div>\n\t\t\t\t\t<\/div>\n\t\t<\/div>\n\t\t\t\t\t<\/div>\n\t\t<\/section>\n\t\t\t\t<\/div>\n\t\t","protected":false},"excerpt":{"rendered":"<p>Welchen Umfang hat Ihr Projekt? Gro\u00dfes Projekt Eine Kapelle, die dekoriert werden soll, ein gro\u00dfes Fresko, ein Gem\u00e4lde mit au\u00dfergew\u00f6hnlichen Dimensionen &#8230; ein pers\u00f6nliches Projekt oder eines f\u00fcr die ganze Familie Eine Kopie, ein kleines Gem\u00e4lde f\u00fcr Ihr Wohnzimmer, ein Portr\u00e4t, ein Familienbild, das restauriert werden soll &#8230;<\/p>\n","protected":false},"author":1,"featured_media":0,"parent":0,"menu_order":0,"comment_status":"closed","ping_status":"closed","template":"","meta":{"footnotes":""},"class_list":["post-3096","page","type-page","status-publish","hentry"],"yoast_head":"<!-- This site is optimized with the Yoast SEO plugin v27.5 - https:\/\/yoast.com\/product\/yoast-seo-wordpress\/ -->\n<title>Bestellung - Les Toiles du Matin<\/title>\n<meta name=\"robots\" content=\"index, follow, max-snippet:-1, max-image-preview:large, max-video-preview:-1\" \/>\n<link rel=\"canonical\" href=\"https:\/\/lestoilesdumatin.fr\/de\/bestellung\/\" \/>\n<meta property=\"og:locale\" content=\"de_DE\" \/>\n<meta property=\"og:type\" content=\"article\" \/>\n<meta property=\"og:title\" content=\"Bestellung - Les Toiles du Matin\" \/>\n<meta property=\"og:description\" content=\"Welchen Umfang hat Ihr Projekt? Gro\u00dfes Projekt Eine Kapelle, die dekoriert werden soll, ein gro\u00dfes Fresko, ein Gem\u00e4lde mit au\u00dfergew\u00f6hnlichen Dimensionen &#8230; ein pers\u00f6nliches Projekt oder eines f\u00fcr die ganze Familie Eine Kopie, ein kleines Gem\u00e4lde f\u00fcr Ihr Wohnzimmer, ein Portr\u00e4t, ein Familienbild, das restauriert werden soll &#8230;\" \/>\n<meta property=\"og:url\" content=\"https:\/\/lestoilesdumatin.fr\/de\/bestellung\/\" \/>\n<meta property=\"og:site_name\" content=\"Les Toiles du Matin\" \/>\n<meta property=\"article:modified_time\" content=\"2024-07-22T08:26:04+00:00\" \/>\n<meta name=\"twitter:card\" content=\"summary_large_image\" \/>\n<script type=\"application\/ld+json\" class=\"yoast-schema-graph\">{\"@context\":\"https:\\\/\\\/schema.org\",\"@graph\":[{\"@type\":\"WebPage\",\"@id\":\"https:\\\/\\\/lestoilesdumatin.fr\\\/de\\\/bestellung\\\/\",\"url\":\"https:\\\/\\\/lestoilesdumatin.fr\\\/de\\\/bestellung\\\/\",\"name\":\"Bestellung - Les Toiles du Matin\",\"isPartOf\":{\"@id\":\"https:\\\/\\\/lestoilesdumatin.fr\\\/#website\"},\"datePublished\":\"2019-09-26T15:50:01+00:00\",\"dateModified\":\"2024-07-22T08:26:04+00:00\",\"breadcrumb\":{\"@id\":\"https:\\\/\\\/lestoilesdumatin.fr\\\/de\\\/bestellung\\\/#breadcrumb\"},\"inLanguage\":\"de\",\"potentialAction\":[{\"@type\":\"ReadAction\",\"target\":[\"https:\\\/\\\/lestoilesdumatin.fr\\\/de\\\/bestellung\\\/\"]}]},{\"@type\":\"BreadcrumbList\",\"@id\":\"https:\\\/\\\/lestoilesdumatin.fr\\\/de\\\/bestellung\\\/#breadcrumb\",\"itemListElement\":[{\"@type\":\"ListItem\",\"position\":1,\"name\":\"Home\",\"item\":\"https:\\\/\\\/lestoilesdumatin.fr\\\/de\\\/\"},{\"@type\":\"ListItem\",\"position\":2,\"name\":\"Bestellung\"}]},{\"@type\":\"WebSite\",\"@id\":\"https:\\\/\\\/lestoilesdumatin.fr\\\/#website\",\"url\":\"https:\\\/\\\/lestoilesdumatin.fr\\\/\",\"name\":\"Les Toiles du Matin\",\"description\":\"\",\"potentialAction\":[{\"@type\":\"SearchAction\",\"target\":{\"@type\":\"EntryPoint\",\"urlTemplate\":\"https:\\\/\\\/lestoilesdumatin.fr\\\/?s={search_term_string}\"},\"query-input\":{\"@type\":\"PropertyValueSpecification\",\"valueRequired\":true,\"valueName\":\"search_term_string\"}}],\"inLanguage\":\"de\"}]}<\/script>\n<!-- \/ Yoast SEO plugin. -->","yoast_head_json":{"title":"Bestellung - Les Toiles du Matin","robots":{"index":"index","follow":"follow","max-snippet":"max-snippet:-1","max-image-preview":"max-image-preview:large","max-video-preview":"max-video-preview:-1"},"canonical":"https:\/\/lestoilesdumatin.fr\/de\/bestellung\/","og_locale":"de_DE","og_type":"article","og_title":"Bestellung - Les Toiles du Matin","og_description":"Welchen Umfang hat Ihr Projekt? Gro\u00dfes Projekt Eine Kapelle, die dekoriert werden soll, ein gro\u00dfes Fresko, ein Gem\u00e4lde mit au\u00dfergew\u00f6hnlichen Dimensionen &#8230; ein pers\u00f6nliches Projekt oder eines f\u00fcr die ganze Familie Eine Kopie, ein kleines Gem\u00e4lde f\u00fcr Ihr Wohnzimmer, ein Portr\u00e4t, ein Familienbild, das restauriert werden soll &#8230;","og_url":"https:\/\/lestoilesdumatin.fr\/de\/bestellung\/","og_site_name":"Les Toiles du Matin","article_modified_time":"2024-07-22T08:26:04+00:00","twitter_card":"summary_large_image","schema":{"@context":"https:\/\/schema.org","@graph":[{"@type":"WebPage","@id":"https:\/\/lestoilesdumatin.fr\/de\/bestellung\/","url":"https:\/\/lestoilesdumatin.fr\/de\/bestellung\/","name":"Bestellung - Les Toiles du Matin","isPartOf":{"@id":"https:\/\/lestoilesdumatin.fr\/#website"},"datePublished":"2019-09-26T15:50:01+00:00","dateModified":"2024-07-22T08:26:04+00:00","breadcrumb":{"@id":"https:\/\/lestoilesdumatin.fr\/de\/bestellung\/#breadcrumb"},"inLanguage":"de","potentialAction":[{"@type":"ReadAction","target":["https:\/\/lestoilesdumatin.fr\/de\/bestellung\/"]}]},{"@type":"BreadcrumbList","@id":"https:\/\/lestoilesdumatin.fr\/de\/bestellung\/#breadcrumb","itemListElement":[{"@type":"ListItem","position":1,"name":"Home","item":"https:\/\/lestoilesdumatin.fr\/de\/"},{"@type":"ListItem","position":2,"name":"Bestellung"}]},{"@type":"WebSite","@id":"https:\/\/lestoilesdumatin.fr\/#website","url":"https:\/\/lestoilesdumatin.fr\/","name":"Les Toiles du Matin","description":"","potentialAction":[{"@type":"SearchAction","target":{"@type":"EntryPoint","urlTemplate":"https:\/\/lestoilesdumatin.fr\/?s={search_term_string}"},"query-input":{"@type":"PropertyValueSpecification","valueRequired":true,"valueName":"search_term_string"}}],"inLanguage":"de"}]}},"_links":{"self":[{"href":"https:\/\/lestoilesdumatin.fr\/de\/wp-json\/wp\/v2\/pages\/3096","targetHints":{"allow":["GET"]}}],"collection":[{"href":"https:\/\/lestoilesdumatin.fr\/de\/wp-json\/wp\/v2\/pages"}],"about":[{"href":"https:\/\/lestoilesdumatin.fr\/de\/wp-json\/wp\/v2\/types\/page"}],"author":[{"embeddable":true,"href":"https:\/\/lestoilesdumatin.fr\/de\/wp-json\/wp\/v2\/users\/1"}],"replies":[{"embeddable":true,"href":"https:\/\/lestoilesdumatin.fr\/de\/wp-json\/wp\/v2\/comments?post=3096"}],"version-history":[{"count":0,"href":"https:\/\/lestoilesdumatin.fr\/de\/wp-json\/wp\/v2\/pages\/3096\/revisions"}],"wp:attachment":[{"href":"https:\/\/lestoilesdumatin.fr\/de\/wp-json\/wp\/v2\/media?parent=3096"}],"curies":[{"name":"wp","href":"https:\/\/api.w.org\/{rel}","templated":true}]}}