{"id":3067,"date":"2016-11-28T18:39:30","date_gmt":"2016-11-28T17:39:30","guid":{"rendered":"https:\/\/lestoilesdumatin.fr\/pierre-henri-rousseau-maler\/"},"modified":"2024-08-12T22:02:54","modified_gmt":"2024-08-12T20:02:54","slug":"pierre-henri-rousseau-maler","status":"publish","type":"page","link":"https:\/\/lestoilesdumatin.fr\/de\/pierre-henri-rousseau-maler\/","title":{"rendered":"Pierre Henri-Rousseau Maler"},"content":{"rendered":"\n<figure class=\"wp-block-embed is-type-video is-provider-youtube wp-block-embed-youtube wp-embed-aspect-16-9 wp-has-aspect-ratio\"><div class=\"wp-block-embed__wrapper\">\n<iframe title=\"Atelier les toiles du Matin, Pierre Henri-Rousseau\" width=\"800\" height=\"450\" src=\"https:\/\/www.youtube.com\/embed\/lw21lpqAWPI?feature=oembed\" frameborder=\"0\" allow=\"accelerometer; autoplay; clipboard-write; encrypted-media; gyroscope; picture-in-picture; web-share\" allowfullscreen><\/iframe>\n<\/div><\/figure>\n<p> Pierre Henri-Rousseau nannte <strong>sein Atelier &#8222;Les Toiles du Matin&#8220;<\/strong> (die Gem\u00e4lde des Morgens). Im Franz\u00f6sischen klingt dieser Ausdruck wie &#8222;L&#8217;\u00e9toile du matin&#8220; (Morgenstern). <br \/>Es spielt einerseits auf <strong>Christus<\/strong> an, der in der Liturgie der Osternacht &#8222;Morgenstern&#8220; genannt wird, &#8222;die neu entstehende Helligkeit in der Dunkelheit des Todes&#8220; (vgl. Exsultet), aber auch auf Maria, seine Mutter (vgl. Lauretanische Litanei). <\/p>\n<p>Pierre, geboren 1990, hat einen Abschluss in Kunstgeschichte. Er hat sich haupts\u00e4chlich im Atelier de la Renaissance in Maltechniken ausbilden lassen und diese Ausbildung durch professionelle Praktika erg\u00e4nzt, insbesondere in der Technik der Freskenmalerei. Aber <strong>er erhielt seine wesentliche Ausbildung eigentlich schon viel fr\u00fcher<\/strong>: W\u00e4hrend einiger Jahre, die er als Novize <strong>in der Vertrautheit des Herrn<\/strong> verbrachte, und dort den Geschmack g\u00f6ttlicher Sch\u00f6nheit genoss, die das benediktinische Leben bietet. Ganz im Sinne der P\u00e4pste des 20. Jahrhunderts, die die sakrale Kunst als <em>quasi-priesterlich<\/em> bezeichnen, ist er der Ansicht, dass <strong>die Sch\u00f6nheit<\/strong> in Verbindung mit der Betrachtung der Glaubensgeheimnisse <strong>zu Gott f\u00fchrt<\/strong>.<\/p>\n<p><span style=\"color: #ff0000;\"><em>    <span style=\"color: #ff5454;\"> <span style=\"color: #cc2b56;\">Unter diesem Link finden Sie einen Beitrag von Pierre Henri-Rousseau in der Sendung en qu\u00eate d&#8217;esprit auf Cnews. Eine Diskussion \u00fcber das Thema Apokalypse, ausgehend von der Kunst:<\/span><\/span><\/em><\/span> <a href=\"https:\/\/www.cnews.fr\/emission\/2023-11-26\/lapocalypse-cest-maintenant-en-quete-desprit-emission-du-26112023-1422946\">https:\/\/www.cnews.fr\/emission\/2023-11-26\/lapocalypse-cest-maintenant-en-quete-desprit-emission-du-26112023-1422946<\/a><\/p>\n<p>Er f\u00fchlt sich durch das <strong>Gebet des Malers Fra Angelico<\/strong> getragen, der von Johannes Paul II. seliggesprochen wurde und Schutzpatron der K\u00fcnstler ist. Dessen Leben und sein k\u00fcnstlerisches Schaffen werden vom diesem Papst als eine ebenso spirituelle wie praktische Richtschnur beschrieben. Auf dieser Grundlage will er seiner Mission treu bleiben: <strong>dem Menschen &#8211; ob gl\u00e4ubig oder nicht &#8211; ein Fenster zur \u00fcbernat\u00fcrlichen Welt<\/strong> zu \u00f6ffnen. Und zwar durch die Vermittlung von Sch\u00f6nheit.<\/p>\n<p><strong>Pierre machte sich die Spiritualit\u00e4t des &#8222;Ikonenschreibens&#8220; zu eigen, in einem k\u00fcnstlerischen Prozess, der dennoch freier und plastischer ist.<\/strong> Was ist seine Inspiration? Er sch\u00f6pft zum einen aus der Betrachtung der <strong>Werke des Sch\u00f6pfers<\/strong>, der Natur, andererseits aus der stets lebendigen Quelle des <strong>Wortes Gottes;<\/strong> sich kulturell ganz verwurzelnd im <strong>k\u00fcnstlerischen Erbe<\/strong> der gro\u00dfen Meister (bekannt oder anonym!).<\/p>\n<p>So tr\u00e4gt Pierre Henri-Rousseau zum Schatz der sakralen Kunst bei: Er malt sehr wohl aus eigener Initiative, erf\u00fcllt aber vor allem <strong>Auftr\u00e4ge<\/strong> mit vorgeschriebenem oder nicht vorgeschriebenem Thema. <\/p>\n<p><img fetchpriority=\"high\" decoding=\"async\" class=\"alignright wp-image-944 size-medium\" src=\"http:\/\/lestoilesdumatin.fr\/wp-content\/uploads\/2019\/12\/IMG_4087-300x200.jpg\" alt=\"\" width=\"300\" height=\"200\" srcset=\"https:\/\/lestoilesdumatin.fr\/wp-content\/uploads\/2019\/12\/IMG_4087-300x200.jpg 300w, https:\/\/lestoilesdumatin.fr\/wp-content\/uploads\/2019\/12\/IMG_4087-1024x683.jpg 1024w, https:\/\/lestoilesdumatin.fr\/wp-content\/uploads\/2019\/12\/IMG_4087-768x512.jpg 768w, https:\/\/lestoilesdumatin.fr\/wp-content\/uploads\/2019\/12\/IMG_4087-1536x1024.jpg 1536w, https:\/\/lestoilesdumatin.fr\/wp-content\/uploads\/2019\/12\/IMG_4087-scaled.jpg 2048w\" sizes=\"(max-width: 300px) 100vw, 300px\" \/><\/p>\n<p> Das famili\u00e4re Umfeld, in dem er aufwuchs, hat ihn daf\u00fcr sensibilisiert, denn die Bilder mit den warmen Farben von Henri Emilien Rousseau, seinem Urgro\u00dfvater, dem orientalistischer Maler, haben seinen Blick von Kindheit an geformt.<\/p>\n<p>Die strenge Ausbildung in alten Maltechniken, die er w\u00e4hrend seiner Jahre im <a href=\"https:\/\/atelier-de-la-renaissance.com\/\"><em>Atelier de la Renaissance<\/em><\/a> (Lyon) erhielt, angefangen bei der Anfertigung einfacher Kopien bis zu Kopien von Werken aus dem 19. Jahrhundert, erm\u00f6glichen ihm nun die bestm\u00f6glichen Mittel f\u00fcr den jeweiligen Stil zu w\u00e4hlen.<\/p>\n<p><strong>Tempera auf Holz in Verbindung mit Blattgold ist die Technik, die der K\u00fcnstler f\u00fcr bewegliche religi\u00f6se Werke<\/strong> wie Altarbilder und Triptychen verwendet &#8211; aber nicht nur. In einigen F\u00e4llen veranlasste ihn das Thema, \u00d6l nach fl\u00e4mischer Art zu verwenden, wobei er f\u00fcr die Lasuren spezielle Medien benutzte. Gelegentlich malt er auch auf Leinwand in der Alla-Prima-Technik.<\/p>\n<p>Die <strong>Freskenmalerei<\/strong>, d. h. die Kunst des Malens auf frischem Kalkputz nach den Verfahren des Quattrocento und der Renaissance, ist die <strong>bevorzugte Technik f\u00fcr die Wandmalerei in Kirchen und Kapellen<\/strong>. Sie ist recht schwierig auszuf\u00fchren (sie erfordert n\u00e4mlich, <em>a fresco<\/em> zu malen, d. h. den am Morgen begonnenen Teil am selben Tag auszuf\u00fchren), ist jedoch sehr haltbar und hat <strong>vor allem eine unvergleichliche Farbqualit\u00e4t<\/strong>.<\/p>\n<p>Und zur Entspannung zeichnet Pierre Henri-Rousseau gelegentlich Comics, um seinen Besuchern ein wenig Eutrapelie zu bieten, eine Tugend, die notwendig ist, um das geistige Leben ins Gleichgewicht zu bringen&#8230;<\/p>\n","protected":false},"excerpt":{"rendered":"<p>Pierre Henri-Rousseau nannte sein Atelier &#8222;Les Toiles du Matin&#8220; (die Gem\u00e4lde des Morgens). Im Franz\u00f6sischen klingt dieser Ausdruck wie &#8222;L&#8217;\u00e9toile du matin&#8220; (Morgenstern). Es spielt einerseits auf Christus an, der in der Liturgie der Osternacht &#8222;Morgenstern&#8220; genannt wird, &#8222;die neu entstehende Helligkeit in der Dunkelheit des Todes&#8220; (vgl. Exsultet), aber auch auf Maria, seine Mutter [&hellip;]<\/p>\n","protected":false},"author":1,"featured_media":2861,"parent":0,"menu_order":0,"comment_status":"closed","ping_status":"closed","template":"","meta":{"footnotes":""},"class_list":["post-3067","page","type-page","status-publish","has-post-thumbnail","hentry"],"yoast_head":"<!-- This site is optimized with the Yoast SEO plugin v27.5 - https:\/\/yoast.com\/product\/yoast-seo-wordpress\/ -->\n<title>Pierre Henri-Rousseau Maler - Les Toiles du Matin<\/title>\n<meta name=\"robots\" content=\"index, follow, max-snippet:-1, max-image-preview:large, max-video-preview:-1\" \/>\n<link rel=\"canonical\" href=\"https:\/\/lestoilesdumatin.fr\/de\/pierre-henri-rousseau-maler\/\" \/>\n<meta property=\"og:locale\" content=\"de_DE\" \/>\n<meta property=\"og:type\" content=\"article\" \/>\n<meta property=\"og:title\" content=\"Pierre Henri-Rousseau Maler - Les Toiles du Matin\" \/>\n<meta property=\"og:description\" content=\"Pierre Henri-Rousseau nannte sein Atelier &#8222;Les Toiles du Matin&#8220; (die Gem\u00e4lde des Morgens). Im Franz\u00f6sischen klingt dieser Ausdruck wie &#8222;L&#8217;\u00e9toile du matin&#8220; (Morgenstern). Es spielt einerseits auf Christus an, der in der Liturgie der Osternacht &#8222;Morgenstern&#8220; genannt wird, &#8222;die neu entstehende Helligkeit in der Dunkelheit des Todes&#8220; (vgl. Exsultet), aber auch auf Maria, seine Mutter [&hellip;]\" \/>\n<meta property=\"og:url\" content=\"https:\/\/lestoilesdumatin.fr\/de\/pierre-henri-rousseau-maler\/\" \/>\n<meta property=\"og:site_name\" content=\"Les Toiles du Matin\" \/>\n<meta property=\"article:modified_time\" content=\"2024-08-12T20:02:54+00:00\" \/>\n<meta property=\"og:image\" content=\"https:\/\/lestoilesdumatin.fr\/wp-content\/uploads\/2016\/11\/Hilarius-dessinant-dans-la-campagne.jpg\" \/>\n\t<meta property=\"og:image:width\" content=\"1980\" \/>\n\t<meta property=\"og:image:height\" content=\"1400\" \/>\n\t<meta property=\"og:image:type\" content=\"image\/jpeg\" \/>\n<meta name=\"twitter:card\" content=\"summary_large_image\" \/>\n<meta name=\"twitter:label1\" content=\"Gesch\u00e4tzte Lesezeit\" \/>\n\t<meta name=\"twitter:data1\" content=\"3\u00a0Minuten\" \/>\n<script type=\"application\/ld+json\" class=\"yoast-schema-graph\">{\"@context\":\"https:\\\/\\\/schema.org\",\"@graph\":[{\"@type\":\"WebPage\",\"@id\":\"https:\\\/\\\/lestoilesdumatin.fr\\\/de\\\/pierre-henri-rousseau-maler\\\/\",\"url\":\"https:\\\/\\\/lestoilesdumatin.fr\\\/de\\\/pierre-henri-rousseau-maler\\\/\",\"name\":\"Pierre Henri-Rousseau Maler - Les Toiles du Matin\",\"isPartOf\":{\"@id\":\"https:\\\/\\\/lestoilesdumatin.fr\\\/#website\"},\"primaryImageOfPage\":{\"@id\":\"https:\\\/\\\/lestoilesdumatin.fr\\\/de\\\/pierre-henri-rousseau-maler\\\/#primaryimage\"},\"image\":{\"@id\":\"https:\\\/\\\/lestoilesdumatin.fr\\\/de\\\/pierre-henri-rousseau-maler\\\/#primaryimage\"},\"thumbnailUrl\":\"https:\\\/\\\/lestoilesdumatin.fr\\\/wp-content\\\/uploads\\\/2016\\\/11\\\/Hilarius-dessinant-dans-la-campagne.jpg\",\"datePublished\":\"2016-11-28T17:39:30+00:00\",\"dateModified\":\"2024-08-12T20:02:54+00:00\",\"breadcrumb\":{\"@id\":\"https:\\\/\\\/lestoilesdumatin.fr\\\/de\\\/pierre-henri-rousseau-maler\\\/#breadcrumb\"},\"inLanguage\":\"de\",\"potentialAction\":[{\"@type\":\"ReadAction\",\"target\":[\"https:\\\/\\\/lestoilesdumatin.fr\\\/de\\\/pierre-henri-rousseau-maler\\\/\"]}]},{\"@type\":\"ImageObject\",\"inLanguage\":\"de\",\"@id\":\"https:\\\/\\\/lestoilesdumatin.fr\\\/de\\\/pierre-henri-rousseau-maler\\\/#primaryimage\",\"url\":\"https:\\\/\\\/lestoilesdumatin.fr\\\/wp-content\\\/uploads\\\/2016\\\/11\\\/Hilarius-dessinant-dans-la-campagne.jpg\",\"contentUrl\":\"https:\\\/\\\/lestoilesdumatin.fr\\\/wp-content\\\/uploads\\\/2016\\\/11\\\/Hilarius-dessinant-dans-la-campagne.jpg\",\"width\":1980,\"height\":1400},{\"@type\":\"BreadcrumbList\",\"@id\":\"https:\\\/\\\/lestoilesdumatin.fr\\\/de\\\/pierre-henri-rousseau-maler\\\/#breadcrumb\",\"itemListElement\":[{\"@type\":\"ListItem\",\"position\":1,\"name\":\"Home\",\"item\":\"https:\\\/\\\/lestoilesdumatin.fr\\\/de\\\/\"},{\"@type\":\"ListItem\",\"position\":2,\"name\":\"Pierre Henri-Rousseau Maler\"}]},{\"@type\":\"WebSite\",\"@id\":\"https:\\\/\\\/lestoilesdumatin.fr\\\/#website\",\"url\":\"https:\\\/\\\/lestoilesdumatin.fr\\\/\",\"name\":\"Les Toiles du Matin\",\"description\":\"\",\"potentialAction\":[{\"@type\":\"SearchAction\",\"target\":{\"@type\":\"EntryPoint\",\"urlTemplate\":\"https:\\\/\\\/lestoilesdumatin.fr\\\/?s={search_term_string}\"},\"query-input\":{\"@type\":\"PropertyValueSpecification\",\"valueRequired\":true,\"valueName\":\"search_term_string\"}}],\"inLanguage\":\"de\"}]}<\/script>\n<!-- \/ Yoast SEO plugin. -->","yoast_head_json":{"title":"Pierre Henri-Rousseau Maler - Les Toiles du Matin","robots":{"index":"index","follow":"follow","max-snippet":"max-snippet:-1","max-image-preview":"max-image-preview:large","max-video-preview":"max-video-preview:-1"},"canonical":"https:\/\/lestoilesdumatin.fr\/de\/pierre-henri-rousseau-maler\/","og_locale":"de_DE","og_type":"article","og_title":"Pierre Henri-Rousseau Maler - Les Toiles du Matin","og_description":"Pierre Henri-Rousseau nannte sein Atelier &#8222;Les Toiles du Matin&#8220; (die Gem\u00e4lde des Morgens). Im Franz\u00f6sischen klingt dieser Ausdruck wie &#8222;L&#8217;\u00e9toile du matin&#8220; (Morgenstern). Es spielt einerseits auf Christus an, der in der Liturgie der Osternacht &#8222;Morgenstern&#8220; genannt wird, &#8222;die neu entstehende Helligkeit in der Dunkelheit des Todes&#8220; (vgl. Exsultet), aber auch auf Maria, seine Mutter [&hellip;]","og_url":"https:\/\/lestoilesdumatin.fr\/de\/pierre-henri-rousseau-maler\/","og_site_name":"Les Toiles du Matin","article_modified_time":"2024-08-12T20:02:54+00:00","og_image":[{"width":1980,"height":1400,"url":"https:\/\/lestoilesdumatin.fr\/wp-content\/uploads\/2016\/11\/Hilarius-dessinant-dans-la-campagne.jpg","type":"image\/jpeg"}],"twitter_card":"summary_large_image","twitter_misc":{"Gesch\u00e4tzte Lesezeit":"3\u00a0Minuten"},"schema":{"@context":"https:\/\/schema.org","@graph":[{"@type":"WebPage","@id":"https:\/\/lestoilesdumatin.fr\/de\/pierre-henri-rousseau-maler\/","url":"https:\/\/lestoilesdumatin.fr\/de\/pierre-henri-rousseau-maler\/","name":"Pierre Henri-Rousseau Maler - Les Toiles du Matin","isPartOf":{"@id":"https:\/\/lestoilesdumatin.fr\/#website"},"primaryImageOfPage":{"@id":"https:\/\/lestoilesdumatin.fr\/de\/pierre-henri-rousseau-maler\/#primaryimage"},"image":{"@id":"https:\/\/lestoilesdumatin.fr\/de\/pierre-henri-rousseau-maler\/#primaryimage"},"thumbnailUrl":"https:\/\/lestoilesdumatin.fr\/wp-content\/uploads\/2016\/11\/Hilarius-dessinant-dans-la-campagne.jpg","datePublished":"2016-11-28T17:39:30+00:00","dateModified":"2024-08-12T20:02:54+00:00","breadcrumb":{"@id":"https:\/\/lestoilesdumatin.fr\/de\/pierre-henri-rousseau-maler\/#breadcrumb"},"inLanguage":"de","potentialAction":[{"@type":"ReadAction","target":["https:\/\/lestoilesdumatin.fr\/de\/pierre-henri-rousseau-maler\/"]}]},{"@type":"ImageObject","inLanguage":"de","@id":"https:\/\/lestoilesdumatin.fr\/de\/pierre-henri-rousseau-maler\/#primaryimage","url":"https:\/\/lestoilesdumatin.fr\/wp-content\/uploads\/2016\/11\/Hilarius-dessinant-dans-la-campagne.jpg","contentUrl":"https:\/\/lestoilesdumatin.fr\/wp-content\/uploads\/2016\/11\/Hilarius-dessinant-dans-la-campagne.jpg","width":1980,"height":1400},{"@type":"BreadcrumbList","@id":"https:\/\/lestoilesdumatin.fr\/de\/pierre-henri-rousseau-maler\/#breadcrumb","itemListElement":[{"@type":"ListItem","position":1,"name":"Home","item":"https:\/\/lestoilesdumatin.fr\/de\/"},{"@type":"ListItem","position":2,"name":"Pierre Henri-Rousseau Maler"}]},{"@type":"WebSite","@id":"https:\/\/lestoilesdumatin.fr\/#website","url":"https:\/\/lestoilesdumatin.fr\/","name":"Les Toiles du Matin","description":"","potentialAction":[{"@type":"SearchAction","target":{"@type":"EntryPoint","urlTemplate":"https:\/\/lestoilesdumatin.fr\/?s={search_term_string}"},"query-input":{"@type":"PropertyValueSpecification","valueRequired":true,"valueName":"search_term_string"}}],"inLanguage":"de"}]}},"_links":{"self":[{"href":"https:\/\/lestoilesdumatin.fr\/de\/wp-json\/wp\/v2\/pages\/3067","targetHints":{"allow":["GET"]}}],"collection":[{"href":"https:\/\/lestoilesdumatin.fr\/de\/wp-json\/wp\/v2\/pages"}],"about":[{"href":"https:\/\/lestoilesdumatin.fr\/de\/wp-json\/wp\/v2\/types\/page"}],"author":[{"embeddable":true,"href":"https:\/\/lestoilesdumatin.fr\/de\/wp-json\/wp\/v2\/users\/1"}],"replies":[{"embeddable":true,"href":"https:\/\/lestoilesdumatin.fr\/de\/wp-json\/wp\/v2\/comments?post=3067"}],"version-history":[{"count":0,"href":"https:\/\/lestoilesdumatin.fr\/de\/wp-json\/wp\/v2\/pages\/3067\/revisions"}],"wp:featuredmedia":[{"embeddable":true,"href":"https:\/\/lestoilesdumatin.fr\/de\/wp-json\/wp\/v2\/media\/2861"}],"wp:attachment":[{"href":"https:\/\/lestoilesdumatin.fr\/de\/wp-json\/wp\/v2\/media?parent=3067"}],"curies":[{"name":"wp","href":"https:\/\/api.w.org\/{rel}","templated":true}]}}